{"id":370,"date":"2021-02-03T16:02:31","date_gmt":"2021-02-03T16:02:31","guid":{"rendered":"https:\/\/energieencorps.ca\/?page_id=370"},"modified":"2024-07-30T17:46:02","modified_gmt":"2024-07-30T21:46:02","slug":"customer-reviews","status":"publish","type":"page","link":"https:\/\/energieencorps.com\/fr\/customer-reviews\/","title":{"rendered":"T\u00e9moignages"},"content":{"rendered":"<div data-elementor-type=\"wp-page\" data-elementor-id=\"370\" class=\"elementor elementor-370\" data-elementor-post-type=\"page\">\n\t\t\t\t\t\t<section class=\"elementor-section elementor-top-section elementor-element elementor-element-1320c513 elementor-section-boxed elementor-section-height-default elementor-section-height-default\" data-id=\"1320c513\" data-element_type=\"section\" data-settings=\"{&quot;background_background&quot;:&quot;classic&quot;}\">\n\t\t\t\t\t\t<div class=\"elementor-container elementor-column-gap-default\">\n\t\t\t\t\t<div class=\"elementor-column elementor-col-33 elementor-top-column elementor-element elementor-element-18c953f9\" data-id=\"18c953f9\" data-element_type=\"column\">\n\t\t\t<div class=\"elementor-widget-wrap\">\n\t\t\t\t\t\t\t<\/div>\n\t\t<\/div>\n\t\t\t\t<div class=\"elementor-column elementor-col-33 elementor-top-column elementor-element elementor-element-746a8a7c\" data-id=\"746a8a7c\" data-element_type=\"column\">\n\t\t\t<div class=\"elementor-widget-wrap elementor-element-populated\">\n\t\t\t\t\t\t<div class=\"elementor-element elementor-element-597354f elementor-widget elementor-widget-heading\" data-id=\"597354f\" data-element_type=\"widget\" data-widget_type=\"heading.default\">\n\t\t\t\t<div class=\"elementor-widget-container\">\n\t\t\t\t\t<h1 class=\"elementor-heading-title elementor-size-default\">T\u00e9moignages<\/h1>\t\t\t\t<\/div>\n\t\t\t\t<\/div>\n\t\t\t\t\t<\/div>\n\t\t<\/div>\n\t\t\t\t<div class=\"elementor-column elementor-col-33 elementor-top-column elementor-element elementor-element-3fd93d53\" data-id=\"3fd93d53\" data-element_type=\"column\">\n\t\t\t<div class=\"elementor-widget-wrap\">\n\t\t\t\t\t\t\t<\/div>\n\t\t<\/div>\n\t\t\t\t\t<\/div>\n\t\t<\/section>\n\t\t\t\t<section class=\"elementor-section elementor-top-section elementor-element elementor-element-397dc035 elementor-section-content-middle elementor-section-boxed elementor-section-height-default elementor-section-height-default\" data-id=\"397dc035\" data-element_type=\"section\" data-settings=\"{&quot;background_background&quot;:&quot;classic&quot;}\">\n\t\t\t\t\t\t<div class=\"elementor-container elementor-column-gap-no\">\n\t\t\t\t\t<div class=\"elementor-column elementor-col-100 elementor-top-column elementor-element elementor-element-2ba756ce\" data-id=\"2ba756ce\" data-element_type=\"column\">\n\t\t\t<div class=\"elementor-widget-wrap elementor-element-populated\">\n\t\t\t\t\t\t<div class=\"elementor-element elementor-element-55221a73 elementor-widget__width-auto elementor-widget elementor-widget-heading\" data-id=\"55221a73\" data-element_type=\"widget\" data-widget_type=\"heading.default\">\n\t\t\t\t<div class=\"elementor-widget-container\">\n\t\t\t\t\t<div class=\"elementor-heading-title elementor-size-default\">T\u00e9moignages<\/div>\t\t\t\t<\/div>\n\t\t\t\t<\/div>\n\t\t\t\t<div class=\"elementor-element elementor-element-8f3824a elementor-widget elementor-widget-text-editor\" data-id=\"8f3824a\" data-element_type=\"widget\" data-widget_type=\"text-editor.default\">\n\t\t\t\t<div class=\"elementor-widget-container\">\n\t\t\t\t\t\t\t\t\t<p>Vous souhaitez savoir ce que nos clients d'Energie EnCorps ont \u00e0 dire sur nous ? Jetez un \u0153il \u00e0 nos t\u00e9moignages les plus r\u00e9cents ci-dessous. \u00c0 ceux qui nous ont donn\u00e9 de merveilleuses t\u00e9moignages\u2026 merci beaucoup d'avoir contribu\u00e9 !<\/p>\t\t\t\t\t\t\t\t<\/div>\n\t\t\t\t<\/div>\n\t\t\t\t<div class=\"elementor-element elementor-element-5c131640 elementor-widget elementor-widget-heading\" data-id=\"5c131640\" data-element_type=\"widget\" data-widget_type=\"heading.default\">\n\t\t\t\t<div class=\"elementor-widget-container\">\n\t\t\t\t\t<h1 class=\"elementor-heading-title elementor-size-default translation-block\">Aim\u00e9 par nos clients<\/h1>\t\t\t\t<\/div>\n\t\t\t\t<\/div>\n\t\t\t\t<div class=\"elementor-element elementor-element-6cf801e elementor-widget elementor-widget-html\" data-id=\"6cf801e\" data-element_type=\"widget\" data-widget_type=\"html.default\">\n\t\t\t\t<div class=\"elementor-widget-container\">\n\t\t\t\t\t<div data-fred-widget-reviews><\/div>\r\n<script src=\"https:\/\/d1yw3duy3i4qiv.cloudfront.net\/js\/sdk-v1.js\"><\/script>\r\n<script>\r\n    FRED.init({\r\n      locationId: \"5340f9a2-2b48-490e-bc45-5e04a7d94f9e\",\r\n      perPage: 5,\r\n      layout: \"list\",\r\n      background: \"ffffff\",\r\n      titleHexColor: \"000000\",\r\n      starHexColor: \"E56861\"\r\n    });\r\n<\/script>\r\n\t\t\t\t<\/div>\n\t\t\t\t<\/div>\n\t\t\t\t\t<\/div>\n\t\t<\/div>\n\t\t\t\t\t<\/div>\n\t\t<\/section>\n\t\t\t\t<section class=\"elementor-section elementor-top-section elementor-element elementor-element-26524b4a elementor-section-content-middle elementor-section-boxed elementor-section-height-default elementor-section-height-default\" data-id=\"26524b4a\" data-element_type=\"section\">\n\t\t\t\t\t\t<div class=\"elementor-container elementor-column-gap-default\">\n\t\t\t\t\t<div class=\"elementor-column elementor-col-50 elementor-top-column elementor-element elementor-element-30081df5\" data-id=\"30081df5\" data-element_type=\"column\">\n\t\t\t<div class=\"elementor-widget-wrap elementor-element-populated\">\n\t\t\t\t\t\t<section class=\"elementor-section elementor-inner-section elementor-element elementor-element-40c363e9 elementor-section-boxed elementor-section-height-default elementor-section-height-default\" data-id=\"40c363e9\" data-element_type=\"section\" data-settings=\"{&quot;background_background&quot;:&quot;gradient&quot;}\">\n\t\t\t\t\t\t<div class=\"elementor-container elementor-column-gap-default\">\n\t\t\t\t\t<div class=\"elementor-column elementor-col-100 elementor-inner-column elementor-element elementor-element-6f287cd\" data-id=\"6f287cd\" data-element_type=\"column\">\n\t\t\t<div class=\"elementor-widget-wrap elementor-element-populated\">\n\t\t\t\t\t\t<div class=\"elementor-element elementor-element-5d0f19b8 elementor-widget elementor-widget-video\" data-id=\"5d0f19b8\" data-element_type=\"widget\" data-settings=\"{&quot;youtube_url&quot;:&quot;https:\\\/\\\/www.youtube.com\\\/watch?v=UVgxDVKYhWI&amp;feature=emb_logo&quot;,&quot;show_image_overlay&quot;:&quot;yes&quot;,&quot;image_overlay&quot;:{&quot;url&quot;:&quot;https:\\\/\\\/energieencorps.ca\\\/wp-content\\\/uploads\\\/2021\\\/04\\\/Racha_Testimonial.jpg&quot;,&quot;id&quot;:1302,&quot;size&quot;:&quot;&quot;},&quot;lightbox&quot;:&quot;yes&quot;,&quot;video_type&quot;:&quot;youtube&quot;,&quot;controls&quot;:&quot;yes&quot;}\" data-widget_type=\"video.default\">\n\t\t\t\t<div class=\"elementor-widget-container\">\n\t\t\t\t\t\t\t<div class=\"elementor-wrapper elementor-open-lightbox\">\n\t\t\t\t\t\t\t<div class=\"elementor-custom-embed-image-overlay\" data-elementor-open-lightbox=\"yes\" data-elementor-lightbox=\"{&quot;type&quot;:&quot;video&quot;,&quot;videoType&quot;:&quot;youtube&quot;,&quot;url&quot;:&quot;https:\\\/\\\/www.youtube.com\\\/embed\\\/UVgxDVKYhWI?feature=oembed&amp;start&amp;end&amp;wmode=opaque&amp;loop=0&amp;controls=1&amp;mute=0&amp;rel=0&amp;cc_load_policy=0&quot;,&quot;autoplay&quot;:&quot;&quot;,&quot;modalOptions&quot;:{&quot;id&quot;:&quot;elementor-lightbox-5d0f19b8&quot;,&quot;entranceAnimation&quot;:&quot;&quot;,&quot;entranceAnimation_tablet&quot;:&quot;&quot;,&quot;entranceAnimation_mobile&quot;:&quot;&quot;,&quot;videoAspectRatio&quot;:&quot;169&quot;}}\" data-e-action-hash=\"#elementor-action%3Aaction%3Dlightbox%26settings%3DeyJ0eXBlIjoidmlkZW8iLCJ2aWRlb1R5cGUiOiJ5b3V0dWJlIiwidXJsIjoiaHR0cHM6XC9cL3d3dy55b3V0dWJlLmNvbVwvZW1iZWRcL1VWZ3hEVktZaFdJP2ZlYXR1cmU9b2VtYmVkJnN0YXJ0JmVuZCZ3bW9kZT1vcGFxdWUmbG9vcD0wJmNvbnRyb2xzPTEmbXV0ZT0wJnJlbD0wJmNjX2xvYWRfcG9saWN5PTAiLCJhdXRvcGxheSI6IiIsIm1vZGFsT3B0aW9ucyI6eyJpZCI6ImVsZW1lbnRvci1saWdodGJveC01ZDBmMTliOCIsImVudHJhbmNlQW5pbWF0aW9uIjoiIiwiZW50cmFuY2VBbmltYXRpb25fdGFibGV0IjoiIiwiZW50cmFuY2VBbmltYXRpb25fbW9iaWxlIjoiIiwidmlkZW9Bc3BlY3RSYXRpbyI6IjE2OSJ9fQ%3D%3D\">\n\t\t\t\t\t\t\t\t\t\t\t<img fetchpriority=\"high\" decoding=\"async\" width=\"1000\" height=\"1000\" src=\"https:\/\/energieencorps.com\/wp-content\/uploads\/2021\/04\/Racha_Testimonial.jpg\" class=\"attachment-full size-full wp-image-1302\" alt=\"\" srcset=\"https:\/\/energieencorps.com\/wp-content\/uploads\/2021\/04\/Racha_Testimonial.jpg 1000w, https:\/\/energieencorps.com\/wp-content\/uploads\/2021\/04\/Racha_Testimonial-300x300.jpg 300w, https:\/\/energieencorps.com\/wp-content\/uploads\/2021\/04\/Racha_Testimonial-150x150.jpg 150w, https:\/\/energieencorps.com\/wp-content\/uploads\/2021\/04\/Racha_Testimonial-768x768.jpg 768w\" sizes=\"(max-width: 1000px) 100vw, 1000px\" \/>\t\t\t\t\t\t\t\t\t\t\t\t\t\t\t\t<div class=\"elementor-custom-embed-play\" role=\"button\" aria-label=\"Lire la vid\u00e9o\" tabindex=\"0\" data-no-translation-aria-label=\"\">\n\t\t\t\t\t\t\t<i aria-hidden=\"true\" class=\"eicon-play\"><\/i>\t\t\t\t\t\t<\/div>\n\t\t\t\t\t\t\t\t\t<\/div>\n\t\t\t\t\t<\/div>\n\t\t\t\t\t\t<\/div>\n\t\t\t\t<\/div>\n\t\t\t\t\t<\/div>\n\t\t<\/div>\n\t\t\t\t\t<\/div>\n\t\t<\/section>\n\t\t\t\t\t<\/div>\n\t\t<\/div>\n\t\t\t\t<div class=\"elementor-column elementor-col-50 elementor-top-column elementor-element elementor-element-b9b2500\" data-id=\"b9b2500\" data-element_type=\"column\">\n\t\t\t<div class=\"elementor-widget-wrap elementor-element-populated\">\n\t\t\t\t\t\t<div class=\"elementor-element elementor-element-925e2e7 elementor-widget elementor-widget-heading\" data-id=\"925e2e7\" data-element_type=\"widget\" data-widget_type=\"heading.default\">\n\t\t\t\t<div class=\"elementor-widget-container\">\n\t\t\t\t\t<h3 class=\"elementor-heading-title elementor-size-default\">Energie EnCorps m'apprend \u00e0 prendre soin de moi, \u00e0 avoir confiance en moi, \u00e0 \u00eatre en forme, \u00e0 me sentir stable mentalement et physiquement et surtout, \u00e0 aimer mon corps !<\/h3>\t\t\t\t<\/div>\n\t\t\t\t<\/div>\n\t\t\t\t<div class=\"elementor-element elementor-element-cc9b38d elementor-widget__width-auto elementor-widget elementor-widget-heading\" data-id=\"cc9b38d\" data-element_type=\"widget\" data-widget_type=\"heading.default\">\n\t\t\t\t<div class=\"elementor-widget-container\">\n\t\t\t\t\t<div class=\"elementor-heading-title elementor-size-default\">Racha Youssef<\/div>\t\t\t\t<\/div>\n\t\t\t\t<\/div>\n\t\t\t\t\t<\/div>\n\t\t<\/div>\n\t\t\t\t\t<\/div>\n\t\t<\/section>\n\t\t\t\t<section class=\"elementor-section elementor-top-section elementor-element elementor-element-251d3ac3 elementor-section-boxed elementor-section-height-default elementor-section-height-default\" data-id=\"251d3ac3\" data-element_type=\"section\" data-settings=\"{&quot;background_background&quot;:&quot;classic&quot;,&quot;background_motion_fx_motion_fx_scrolling&quot;:&quot;yes&quot;,&quot;background_motion_fx_translateX_effect&quot;:&quot;yes&quot;,&quot;background_motion_fx_translateX_speed&quot;:{&quot;unit&quot;:&quot;px&quot;,&quot;size&quot;:1.5,&quot;sizes&quot;:[]},&quot;background_motion_fx_scale_effect&quot;:&quot;yes&quot;,&quot;background_motion_fx_scale_speed&quot;:{&quot;unit&quot;:&quot;px&quot;,&quot;size&quot;:1,&quot;sizes&quot;:[]},&quot;background_motion_fx_translateX_affectedRange&quot;:{&quot;unit&quot;:&quot;%&quot;,&quot;size&quot;:&quot;&quot;,&quot;sizes&quot;:{&quot;start&quot;:0,&quot;end&quot;:100}},&quot;background_motion_fx_scale_direction&quot;:&quot;out-in&quot;,&quot;background_motion_fx_scale_range&quot;:{&quot;unit&quot;:&quot;%&quot;,&quot;size&quot;:&quot;&quot;,&quot;sizes&quot;:{&quot;start&quot;:20,&quot;end&quot;:80}},&quot;background_motion_fx_devices&quot;:[&quot;desktop&quot;,&quot;tablet&quot;,&quot;mobile&quot;]}\">\n\t\t\t\t\t\t\t<div class=\"elementor-background-overlay\"><\/div>\n\t\t\t\t\t\t\t<div class=\"elementor-container elementor-column-gap-default\">\n\t\t\t\t\t<div class=\"elementor-column elementor-col-50 elementor-top-column elementor-element elementor-element-42021955\" data-id=\"42021955\" data-element_type=\"column\">\n\t\t\t<div class=\"elementor-widget-wrap elementor-element-populated\">\n\t\t\t\t\t\t<div class=\"elementor-element elementor-element-4d9a47ee elementor-widget elementor-widget-heading\" data-id=\"4d9a47ee\" data-element_type=\"widget\" data-widget_type=\"heading.default\">\n\t\t\t\t<div class=\"elementor-widget-container\">\n\t\t\t\t\t<h1 class=\"elementor-heading-title elementor-size-default\">Vous voulez nous laisser un t\u00e9moignage ?<\/h1>\t\t\t\t<\/div>\n\t\t\t\t<\/div>\n\t\t\t\t\t<\/div>\n\t\t<\/div>\n\t\t\t\t<div class=\"elementor-column elementor-col-50 elementor-top-column elementor-element elementor-element-4d380083\" data-id=\"4d380083\" data-element_type=\"column\">\n\t\t\t<div class=\"elementor-widget-wrap elementor-element-populated\">\n\t\t\t\t\t\t<div class=\"elementor-element elementor-element-6d6dc48a elementor-widget elementor-widget-text-editor\" data-id=\"6d6dc48a\" data-element_type=\"widget\" data-widget_type=\"text-editor.default\">\n\t\t\t\t<div class=\"elementor-widget-container\">\n\t\t\t\t\t\t\t\t\t<p>Votre feedback a de la valeur pour nous. Cela aide \u00e0 savoir ce que nous faisons bien et o\u00f9 nous devons nous am\u00e9liorer. Laissez-nous un message ci-dessous!<\/p>\t\t\t\t\t\t\t\t<\/div>\n\t\t\t\t<\/div>\n\t\t\t\t<section class=\"elementor-section elementor-inner-section elementor-element elementor-element-ea627a4 elementor-section-full_width elementor-section-height-default elementor-section-height-default\" data-id=\"ea627a4\" data-element_type=\"section\">\n\t\t\t\t\t\t<div class=\"elementor-container elementor-column-gap-default\">\n\t\t\t\t\t<div class=\"elementor-column elementor-col-50 elementor-inner-column elementor-element elementor-element-eebf2f2\" data-id=\"eebf2f2\" data-element_type=\"column\">\n\t\t\t<div class=\"elementor-widget-wrap elementor-element-populated\">\n\t\t\t\t\t\t<div class=\"elementor-element elementor-element-9ad2ca2 elementor-align-center elementor-widget elementor-widget-button\" data-id=\"9ad2ca2\" data-element_type=\"widget\" data-widget_type=\"button.default\">\n\t\t\t\t<div class=\"elementor-widget-container\">\n\t\t\t\t\t\t\t\t\t<div class=\"elementor-button-wrapper\">\n\t\t\t\t\t<a class=\"elementor-button elementor-button-link elementor-size-sm\" href=\"https:\/\/www.google.com\/search?hl=en-CA&amp;gl=ca&amp;q=Energie+Encorps+West+Island+-+Yoga,+Zumba,+Pilates,+Osteopathy,+Massage,+Nutrition,+18+Place+de+la+Triade+230,+Pointe-Claire,+Quebec+H9R+0A2&amp;ludocid=5045610321731529170&amp;lsig=AB86z5U2jnSdLSrsL0Z2vSD9x6ek&amp;pli=1#lrd=0x4cc93bec3c698ab1:0x46059bdad5da29d2,3&amp;pli=1\">\n\t\t\t\t\t\t<span class=\"elementor-button-content-wrapper\">\n\t\t\t\t\t\t\t\t\t<span class=\"elementor-button-text\">Sur Google<\/span>\n\t\t\t\t\t<\/span>\n\t\t\t\t\t<\/a>\n\t\t\t\t<\/div>\n\t\t\t\t\t\t\t\t<\/div>\n\t\t\t\t<\/div>\n\t\t\t\t\t<\/div>\n\t\t<\/div>\n\t\t\t\t<div class=\"elementor-column elementor-col-50 elementor-inner-column elementor-element elementor-element-673744c\" data-id=\"673744c\" data-element_type=\"column\">\n\t\t\t<div class=\"elementor-widget-wrap elementor-element-populated\">\n\t\t\t\t\t\t<div class=\"elementor-element elementor-element-6186b0d elementor-align-center elementor-widget elementor-widget-button\" data-id=\"6186b0d\" data-element_type=\"widget\" data-widget_type=\"button.default\">\n\t\t\t\t<div class=\"elementor-widget-container\">\n\t\t\t\t\t\t\t\t\t<div class=\"elementor-button-wrapper\">\n\t\t\t\t\t<a class=\"elementor-button elementor-button-link elementor-size-sm\" href=\"https:\/\/www.facebook.com\/pg\/EnergieEnCorps\/reviews\/\">\n\t\t\t\t\t\t<span class=\"elementor-button-content-wrapper\">\n\t\t\t\t\t\t\t\t\t<span class=\"elementor-button-text\">Sur Facebook<\/span>\n\t\t\t\t\t<\/span>\n\t\t\t\t\t<\/a>\n\t\t\t\t<\/div>\n\t\t\t\t\t\t\t\t<\/div>\n\t\t\t\t<\/div>\n\t\t\t\t\t<\/div>\n\t\t<\/div>\n\t\t\t\t\t<\/div>\n\t\t<\/section>\n\t\t\t\t\t<\/div>\n\t\t<\/div>\n\t\t\t\t\t<\/div>\n\t\t<\/section>\n\t\t\t\t<\/div>","protected":false},"excerpt":{"rendered":"<p>Testimonials What people say Would you like to know what our Energie EnCorps clients have to say about us?&nbsp; Take a look at our most recent reviews below. To those who have given us wonderful reviews\u2026 thank you so much for helping to share the good news on what we do! Loved by our customers [&hellip;]<\/p>","protected":false},"author":5,"featured_media":0,"parent":0,"menu_order":4,"comment_status":"closed","ping_status":"closed","template":"","meta":{"footnotes":""},"class_list":["post-370","page","type-page","status-publish","hentry"],"yoast_head":"<!-- This site is optimized with the Yoast SEO plugin v26.0 - https:\/\/yoast.com\/wordpress\/plugins\/seo\/ -->\n<title>Testimonials | Energie EnCorps<\/title>\n<meta name=\"description\" content=\"Read our Customer Reviews: Yoga, Fitness, Wellness. Come visit our studio in Pointe-Claire &amp; Book an appointment Now!\" \/>\n<meta name=\"robots\" content=\"index, follow, max-snippet:-1, max-image-preview:large, max-video-preview:-1\" \/>\n<link rel=\"canonical\" href=\"https:\/\/energieencorps.com\/fr\/customer-reviews\/\" \/>\n<meta property=\"og:locale\" content=\"fr_CA\" \/>\n<meta property=\"og:type\" content=\"article\" \/>\n<meta property=\"og:title\" content=\"Client Reviews at Energie EnCorps\" \/>\n<meta property=\"og:description\" content=\"Would you like to know what our Energie EnCorps clients have to say about us? Take a look at our most recent reviews below. To those who have given us wonderful reviews\u2026 thank you so much for helping to share the good news on what we do!\" \/>\n<meta property=\"og:url\" content=\"https:\/\/energieencorps.com\/fr\/customer-reviews\/\" \/>\n<meta property=\"og:site_name\" content=\"Energie EnCorps\" \/>\n<meta property=\"article:modified_time\" content=\"2024-07-30T21:46:02+00:00\" \/>\n<meta property=\"og:image\" content=\"https:\/\/energieencorps.com\/wp-content\/uploads\/2021\/11\/Screen-Shot-2021-11-24-at-2.54.15-PM.png\" \/>\n\t<meta property=\"og:image:width\" content=\"864\" \/>\n\t<meta property=\"og:image:height\" content=\"862\" \/>\n\t<meta property=\"og:image:type\" content=\"image\/png\" \/>\n<meta name=\"twitter:card\" content=\"summary_large_image\" \/>\n<meta name=\"twitter:label1\" content=\"Estimation du temps de lecture\" \/>\n\t<meta name=\"twitter:data1\" content=\"1 minute\" \/>\n<script type=\"application\/ld+json\" class=\"yoast-schema-graph\">{\"@context\":\"https:\/\/schema.org\",\"@graph\":[{\"@type\":\"WebPage\",\"@id\":\"https:\/\/energieencorps.com\/customer-reviews\/\",\"url\":\"https:\/\/energieencorps.com\/customer-reviews\/\",\"name\":\"Testimonials | Energie EnCorps\",\"isPartOf\":{\"@id\":\"https:\/\/energieencorps.com\/#website\"},\"datePublished\":\"2021-02-03T16:02:31+00:00\",\"dateModified\":\"2024-07-30T21:46:02+00:00\",\"description\":\"Read our Customer Reviews: Yoga, Fitness, Wellness. Come visit our studio in Pointe-Claire & Book an appointment Now!\",\"breadcrumb\":{\"@id\":\"https:\/\/energieencorps.com\/customer-reviews\/#breadcrumb\"},\"inLanguage\":\"fr-CA\",\"potentialAction\":[{\"@type\":\"ReadAction\",\"target\":[\"https:\/\/energieencorps.com\/customer-reviews\/\"]}]},{\"@type\":\"BreadcrumbList\",\"@id\":\"https:\/\/energieencorps.com\/customer-reviews\/#breadcrumb\",\"itemListElement\":[{\"@type\":\"ListItem\",\"position\":1,\"name\":\"Home\",\"item\":\"https:\/\/energieencorps.com\/\"},{\"@type\":\"ListItem\",\"position\":2,\"name\":\"Testimonials\"}]},{\"@type\":\"WebSite\",\"@id\":\"https:\/\/energieencorps.com\/#website\",\"url\":\"https:\/\/energieencorps.com\/\",\"name\":\"Energie EnCorps\",\"description\":\"Helping you shine\",\"publisher\":{\"@id\":\"https:\/\/energieencorps.com\/#organization\"},\"potentialAction\":[{\"@type\":\"SearchAction\",\"target\":{\"@type\":\"EntryPoint\",\"urlTemplate\":\"https:\/\/energieencorps.com\/?s={search_term_string}\"},\"query-input\":{\"@type\":\"PropertyValueSpecification\",\"valueRequired\":true,\"valueName\":\"search_term_string\"}}],\"inLanguage\":\"fr-CA\"},{\"@type\":\"Organization\",\"@id\":\"https:\/\/energieencorps.com\/#organization\",\"name\":\"Energie Encorps\",\"url\":\"https:\/\/energieencorps.com\/\",\"logo\":{\"@type\":\"ImageObject\",\"inLanguage\":\"fr-CA\",\"@id\":\"https:\/\/energieencorps.com\/#\/schema\/logo\/image\/\",\"url\":\"https:\/\/energieencorps.com\/wp-content\/uploads\/2021\/06\/Default-Image.png\",\"contentUrl\":\"https:\/\/energieencorps.com\/wp-content\/uploads\/2021\/06\/Default-Image.png\",\"width\":1200,\"height\":700,\"caption\":\"Energie Encorps\"},\"image\":{\"@id\":\"https:\/\/energieencorps.com\/#\/schema\/logo\/image\/\"}}]}<\/script>\n<!-- \/ Yoast SEO plugin. -->","yoast_head_json":{"title":"Testimonials | Energie EnCorps","description":"Read our Customer Reviews: Yoga, Fitness, Wellness. Come visit our studio in Pointe-Claire & Book an appointment Now!","robots":{"index":"index","follow":"follow","max-snippet":"max-snippet:-1","max-image-preview":"max-image-preview:large","max-video-preview":"max-video-preview:-1"},"canonical":"https:\/\/energieencorps.com\/fr\/customer-reviews\/","og_locale":"fr_CA","og_type":"article","og_title":"Client Reviews at Energie EnCorps","og_description":"Would you like to know what our Energie EnCorps clients have to say about us? Take a look at our most recent reviews below. To those who have given us wonderful reviews\u2026 thank you so much for helping to share the good news on what we do!","og_url":"https:\/\/energieencorps.com\/fr\/customer-reviews\/","og_site_name":"Energie EnCorps","article_modified_time":"2024-07-30T21:46:02+00:00","og_image":[{"width":864,"height":862,"url":"https:\/\/energieencorps.com\/wp-content\/uploads\/2021\/11\/Screen-Shot-2021-11-24-at-2.54.15-PM.png","type":"image\/png"}],"twitter_card":"summary_large_image","twitter_misc":{"Estimation du temps de lecture":"1 minute"},"schema":{"@context":"https:\/\/schema.org","@graph":[{"@type":"WebPage","@id":"https:\/\/energieencorps.com\/customer-reviews\/","url":"https:\/\/energieencorps.com\/customer-reviews\/","name":"Testimonials | Energie EnCorps","isPartOf":{"@id":"https:\/\/energieencorps.com\/#website"},"datePublished":"2021-02-03T16:02:31+00:00","dateModified":"2024-07-30T21:46:02+00:00","description":"Read our Customer Reviews: Yoga, Fitness, Wellness. Come visit our studio in Pointe-Claire & Book an appointment Now!","breadcrumb":{"@id":"https:\/\/energieencorps.com\/customer-reviews\/#breadcrumb"},"inLanguage":"fr-CA","potentialAction":[{"@type":"ReadAction","target":["https:\/\/energieencorps.com\/customer-reviews\/"]}]},{"@type":"BreadcrumbList","@id":"https:\/\/energieencorps.com\/customer-reviews\/#breadcrumb","itemListElement":[{"@type":"ListItem","position":1,"name":"Home","item":"https:\/\/energieencorps.com\/"},{"@type":"ListItem","position":2,"name":"Testimonials"}]},{"@type":"WebSite","@id":"https:\/\/energieencorps.com\/#website","url":"https:\/\/energieencorps.com\/","name":"Energie EnCorps","description":"Helping you shine","publisher":{"@id":"https:\/\/energieencorps.com\/#organization"},"potentialAction":[{"@type":"SearchAction","target":{"@type":"EntryPoint","urlTemplate":"https:\/\/energieencorps.com\/?s={search_term_string}"},"query-input":{"@type":"PropertyValueSpecification","valueRequired":true,"valueName":"search_term_string"}}],"inLanguage":"fr-CA"},{"@type":"Organization","@id":"https:\/\/energieencorps.com\/#organization","name":"Energie Encorps","url":"https:\/\/energieencorps.com\/","logo":{"@type":"ImageObject","inLanguage":"fr-CA","@id":"https:\/\/energieencorps.com\/#\/schema\/logo\/image\/","url":"https:\/\/energieencorps.com\/wp-content\/uploads\/2021\/06\/Default-Image.png","contentUrl":"https:\/\/energieencorps.com\/wp-content\/uploads\/2021\/06\/Default-Image.png","width":1200,"height":700,"caption":"Energie Encorps"},"image":{"@id":"https:\/\/energieencorps.com\/#\/schema\/logo\/image\/"}}]}},"_links":{"self":[{"href":"https:\/\/energieencorps.com\/fr\/wp-json\/wp\/v2\/pages\/370","targetHints":{"allow":["GET"]}}],"collection":[{"href":"https:\/\/energieencorps.com\/fr\/wp-json\/wp\/v2\/pages"}],"about":[{"href":"https:\/\/energieencorps.com\/fr\/wp-json\/wp\/v2\/types\/page"}],"author":[{"embeddable":true,"href":"https:\/\/energieencorps.com\/fr\/wp-json\/wp\/v2\/users\/5"}],"replies":[{"embeddable":true,"href":"https:\/\/energieencorps.com\/fr\/wp-json\/wp\/v2\/comments?post=370"}],"version-history":[{"count":59,"href":"https:\/\/energieencorps.com\/fr\/wp-json\/wp\/v2\/pages\/370\/revisions"}],"predecessor-version":[{"id":8083,"href":"https:\/\/energieencorps.com\/fr\/wp-json\/wp\/v2\/pages\/370\/revisions\/8083"}],"wp:attachment":[{"href":"https:\/\/energieencorps.com\/fr\/wp-json\/wp\/v2\/media?parent=370"}],"curies":[{"name":"wp","href":"https:\/\/api.w.org\/{rel}","templated":true}]}}