{"id":350,"date":"2021-02-03T15:54:11","date_gmt":"2021-02-03T15:54:11","guid":{"rendered":"https:\/\/energieencorps.ca\/?page_id=350"},"modified":"2025-10-14T10:36:09","modified_gmt":"2025-10-14T14:36:09","slug":"reiki-services","status":"publish","type":"page","link":"https:\/\/energieencorps.com\/fr\/reiki-services\/","title":{"rendered":"Reiki"},"content":{"rendered":"<div data-elementor-type=\"wp-page\" data-elementor-id=\"350\" class=\"elementor elementor-350\" data-elementor-post-type=\"page\">\n\t\t\t\t\t\t<section class=\"elementor-section elementor-top-section elementor-element elementor-element-7821b334 elementor-section-boxed elementor-section-height-default elementor-section-height-default\" data-id=\"7821b334\" data-element_type=\"section\" data-settings=\"{&quot;background_background&quot;:&quot;classic&quot;}\">\n\t\t\t\t\t\t<div class=\"elementor-container elementor-column-gap-default\">\n\t\t\t\t\t<div class=\"elementor-column elementor-col-100 elementor-top-column elementor-element elementor-element-5a644fc\" data-id=\"5a644fc\" data-element_type=\"column\">\n\t\t\t<div class=\"elementor-widget-wrap elementor-element-populated\">\n\t\t\t\t\t\t<div class=\"elementor-element elementor-element-5e81aea elementor-widget elementor-widget-heading\" data-id=\"5e81aea\" data-element_type=\"widget\" data-widget_type=\"heading.default\">\n\t\t\t\t<div class=\"elementor-widget-container\">\n\t\t\t\t\t<h1 class=\"elementor-heading-title elementor-size-default\">\n\n<\/h1>\t\t\t\t<\/div>\n\t\t\t\t<\/div>\n\t\t\t\t<div class=\"elementor-element elementor-element-32c9c26 elementor-widget elementor-widget-heading\" data-id=\"32c9c26\" data-element_type=\"widget\" data-widget_type=\"heading.default\">\n\t\t\t\t<div class=\"elementor-widget-container\">\n\t\t\t\t\t<h6 class=\"elementor-heading-title elementor-size-default\">centre de bien-\u00eatre holistique<\/h6>\t\t\t\t<\/div>\n\t\t\t\t<\/div>\n\t\t\t\t<div class=\"elementor-element elementor-element-e0c00f1 elementor-widget elementor-widget-heading\" data-id=\"e0c00f1\" data-element_type=\"widget\" data-widget_type=\"heading.default\">\n\t\t\t\t<div class=\"elementor-widget-container\">\n\t\t\t\t\t<h1 class=\"elementor-heading-title elementor-size-default\">Reiki<\/h1>\t\t\t\t<\/div>\n\t\t\t\t<\/div>\n\t\t\t\t\t<\/div>\n\t\t<\/div>\n\t\t\t\t\t<\/div>\n\t\t<\/section>\n\t\t\t\t<section class=\"elementor-section elementor-top-section elementor-element elementor-element-33474e1c elementor-section-boxed elementor-section-height-default elementor-section-height-default\" data-id=\"33474e1c\" data-element_type=\"section\">\n\t\t\t\t\t\t<div class=\"elementor-container elementor-column-gap-default\">\n\t\t\t\t\t<div class=\"elementor-column elementor-col-50 elementor-top-column elementor-element elementor-element-61058096\" data-id=\"61058096\" data-element_type=\"column\">\n\t\t\t<div class=\"elementor-widget-wrap elementor-element-populated\">\n\t\t\t\t\t\t<div class=\"elementor-element elementor-element-d6b1179 elementor-widget elementor-widget-shortcode\" data-id=\"d6b1179\" data-element_type=\"widget\" data-widget_type=\"shortcode.default\">\n\t\t\t\t<div class=\"elementor-widget-container\">\n\t\t\t\t\t\t\t<div class=\"elementor-shortcode\"><script src=\"https:\/\/widgets.mindbodyonline.com\/javascripts\/healcode.js\" type=\"text\/javascript\"><\/script>\n<healcode-widget data-type=\"appointments\" data-widget-partner=\"object\" data-widget-id=\"3f85348cf08\" data-widget-version=\"0\" ><\/healcode-widget><\/div>\n\t\t\t\t\t\t<\/div>\n\t\t\t\t<\/div>\n\t\t\t\t\t<\/div>\n\t\t<\/div>\n\t\t\t\t<div class=\"elementor-column elementor-col-50 elementor-top-column elementor-element elementor-element-15fc8d97\" data-id=\"15fc8d97\" data-element_type=\"column\">\n\t\t\t<div class=\"elementor-widget-wrap elementor-element-populated\">\n\t\t\t\t\t\t<div class=\"elementor-element elementor-element-2a9ac969 elementor-widget elementor-widget-heading\" data-id=\"2a9ac969\" data-element_type=\"widget\" data-widget_type=\"heading.default\">\n\t\t\t\t<div class=\"elementor-widget-container\">\n\t\t\t\t\t<h1 class=\"elementor-heading-title elementor-size-xl\">D\u00e9tendez-vous avec une session de Reiki!<\/h1>\t\t\t\t<\/div>\n\t\t\t\t<\/div>\n\t\t\t\t<div class=\"elementor-element elementor-element-5fe6cb11 elementor-widget elementor-widget-text-editor\" data-id=\"5fe6cb11\" data-element_type=\"widget\" data-widget_type=\"text-editor.default\">\n\t\t\t\t<div class=\"elementor-widget-container\">\n\t\t\t\t\t\t\t\t\t<p>Le mot Reiki est d\u00e9riv\u00e9 de deux mots japonais: rei et ki. Rei signifie \u201cpuissance sup\u00e9rieure\u201d ou \u201cpouvoir spirituel\u201d. Ki signifie \u201c\u00e9nergie\u201d. Reiki peut \u00eatre traduit globalement par\n\u201c\u00e9nergie de force de vie spirituelle\u201d. Le Reiki a pour objectif de cr\u00e9er l\u2019espace et le temps n\u00e9cessaires \u00e0 la d\u00e9tente et au rajeunissement de nous-m\u00eames. Pour que nous puissions vraiment identifier nos \u00e9motions, nos probl\u00e8mes physiques et voir des blocs dans notre corps. Lorsque nous nous d\u00e9tendons, nous cr\u00e9ons une occasion de gu\u00e9rir. Un gu\u00e9risseur reiki utilisera ses mains pour d\u00e9livrer et diriger de l\u2019\u00e9nergie universelle dans votre corps et dans votre champ aurique afin de d\u00e9placer l\u2019\u00e9nergie qui ne nous sert plus et d\u2019inviter une \u00e9nergie aimante, douce et relaxante pour \u00e9quilibrer et apaiser vos chakras et votre corps \u00e9nerg\u00e9tique.<\/p><p>Vous pouvez consulter un praticien de reiki pour tout sujet de sant\u00e9 sur lequel vous travaillez et pour lequel vous estimez avoir besoin d\u2019un soutien \u00e9nerg\u00e9tique pour compl\u00e9ter vos strat\u00e9gies existantes. Le Reiki peut \u00eatre associ\u00e9 \u00e0 n\u2019importe quel traitement ou th\u00e9rapie que vous suivez actuellement. Les clients qui ont une session de reiki d\u00e9clarent g\u00e9n\u00e9ralement qu\u2019ils se sentent d\u00e9tendus et plus l\u00e9gers et qu\u2019ils peuvent prendre quelques s\u00e9ances hebdomadaires de suite ou en tant que maintenance mensuelle \/ trimestrielle pour obtenir du temps pour me d\u00e9tendre!<\/p><p>Le Reiki chez Energie Encorps est couvert par l'assurance maladie au titre de la naturoth\u00e9rapie.<\/p><p>Les consultations Reiki sont disponibles en personne ou \u00e0 distance, virtuellement. Les liens seront fournis lors de l'inscription.\u00a0<\/p>\t\t\t\t\t\t\t\t<\/div>\n\t\t\t\t<\/div>\n\t\t\t\t<div class=\"elementor-element elementor-element-1b5d407e elementor-widget elementor-widget-price-list\" data-id=\"1b5d407e\" data-element_type=\"widget\" data-widget_type=\"price-list.default\">\n\t\t\t\t<div class=\"elementor-widget-container\">\n\t\t\t\t\t\n\t\t<ul class=\"elementor-price-list\">\n\n\t\t\t\t\t\t\t\t\t<li><a class=\"elementor-price-list-item\" href=\"#\">\t\t\t\t\n\t\t\t\t<div class=\"elementor-price-list-text\">\n\t\t\t\t\t\t\t\t\t<div class=\"elementor-price-list-header\">\n\t\t\t\t\t\t\t\t\t\t\t<span class=\"elementor-price-list-title\">\n\t\t\t\t\t\t\tSession de reiki\t\t\t\t\t\t<\/span>\n\t\t\t\t\t\t\t\t\t\t\t\t\t\t\t\t\t\t<span class=\"elementor-price-list-separator\"><\/span>\n\t\t\t\t\t\t\t\t\t\t\t\t\t\t\t\t\t\t\t<span class=\"elementor-price-list-price\">$145<\/span>\n\t\t\t\t\t\t\t\t\t\t<\/div>\n\t\t\t\t\t\t\t\t\t\t\t\t\t\t\t<p class=\"elementor-price-list-description\">\n\t\t\t\t\t\t\t90min\t\t\t\t\t\t<\/p>\n\t\t\t\t\t\t\t\t<\/div>\n\t\t\t\t<\/a><\/li>\t\t\t\t\t\t\t\t\t\t\t\t<li><a class=\"elementor-price-list-item\" href=\"#\">\t\t\t\t\n\t\t\t\t<div class=\"elementor-price-list-text\">\n\t\t\t\t\t\t\t\t\t<div class=\"elementor-price-list-header\">\n\t\t\t\t\t\t\t\t\t\t\t<span class=\"elementor-price-list-title\">\n\t\t\t\t\t\t\tSession de reiki\t\t\t\t\t\t<\/span>\n\t\t\t\t\t\t\t\t\t\t\t\t\t\t\t\t\t\t<span class=\"elementor-price-list-separator\"><\/span>\n\t\t\t\t\t\t\t\t\t\t\t\t\t\t\t\t\t\t\t<span class=\"elementor-price-list-price\">$110<\/span>\n\t\t\t\t\t\t\t\t\t\t<\/div>\n\t\t\t\t\t\t\t\t\t\t\t\t\t\t\t<p class=\"elementor-price-list-description\">\n\t\t\t\t\t\t\t60min\t\t\t\t\t\t<\/p>\n\t\t\t\t\t\t\t\t<\/div>\n\t\t\t\t<\/a><\/li>\t\t\t\t\t\n\t\t<\/ul>\n\n\t\t\t\t\t\t<\/div>\n\t\t\t\t<\/div>\n\t\t\t\t\t<\/div>\n\t\t<\/div>\n\t\t\t\t\t<\/div>\n\t\t<\/section>\n\t\t\t\t<section class=\"elementor-section elementor-top-section elementor-element elementor-element-cd3e7fa elementor-section-boxed elementor-section-height-default elementor-section-height-default\" data-id=\"cd3e7fa\" data-element_type=\"section\">\n\t\t\t\t\t\t<div class=\"elementor-container elementor-column-gap-default\">\n\t\t\t\t\t<div class=\"elementor-column elementor-col-100 elementor-top-column elementor-element elementor-element-3467b25\" data-id=\"3467b25\" data-element_type=\"column\">\n\t\t\t<div class=\"elementor-widget-wrap elementor-element-populated\">\n\t\t\t\t\t\t<div class=\"elementor-element elementor-element-2ba0fba elementor-widget elementor-widget-text-editor\" data-id=\"2ba0fba\" data-element_type=\"widget\" data-widget_type=\"text-editor.default\">\n\t\t\t\t<div class=\"elementor-widget-container\">\n\t\t\t\t\t\t\t\t\t<p><strong>Politiques de r\u00e9servation et d'annulation<\/strong><\/p><ul><li>Faites une demande de rendez-vous en ligne ou appelez le (514) 505-9642.<\/li><li>Les demandes de rendez-vous sont approuv\u00e9es par courriel ou par t\u00e9l\u00e9phone.<\/li><li>Les informations relatives \u00e0 la carte de cr\u00e9dit seront collect\u00e9es au moment de la r\u00e9servation.\u00a0<\/li><li>Un courriel ou un texte sera envoy\u00e9 48 heures avant le rendez-vous pour demander une confirmation.<\/li><li>Les rendez-vous annul\u00e9s dans un d\u00e9lai de 24 heures ou moins sont factur\u00e9s \u00e0 100 % de leur co\u00fbt.<\/li><li>Les r\u00e9servations non confirm\u00e9es seront annul\u00e9es.<\/li><li>Demandes de rendez-vous faites dans les 24 heures n\u00e9cessitent la confirmation du th\u00e9rapeute.<\/li><li>Les demandes effectu\u00e9es apr\u00e8s 24 heures peuvent \u00eatre approuv\u00e9es instantan\u00e9ment.<\/li><\/ul>\t\t\t\t\t\t\t\t<\/div>\n\t\t\t\t<\/div>\n\t\t\t\t\t<\/div>\n\t\t<\/div>\n\t\t\t\t\t<\/div>\n\t\t<\/section>\n\t\t\t\t<section class=\"elementor-section elementor-top-section elementor-element elementor-element-ab393ae elementor-section-boxed elementor-section-height-default elementor-section-height-default\" data-id=\"ab393ae\" data-element_type=\"section\" data-settings=\"{&quot;background_background&quot;:&quot;classic&quot;}\">\n\t\t\t\t\t\t<div class=\"elementor-container elementor-column-gap-default\">\n\t\t\t\t\t<div class=\"elementor-column elementor-col-50 elementor-top-column elementor-element elementor-element-849e951\" data-id=\"849e951\" data-element_type=\"column\" data-settings=\"{&quot;motion_fx_motion_fx_scrolling&quot;:&quot;yes&quot;,&quot;motion_fx_translateY_effect&quot;:&quot;yes&quot;,&quot;motion_fx_translateY_speed&quot;:{&quot;unit&quot;:&quot;px&quot;,&quot;size&quot;:2,&quot;sizes&quot;:[]},&quot;motion_fx_devices&quot;:[&quot;desktop&quot;],&quot;motion_fx_translateY_affectedRange&quot;:{&quot;unit&quot;:&quot;%&quot;,&quot;size&quot;:&quot;&quot;,&quot;sizes&quot;:{&quot;start&quot;:0,&quot;end&quot;:100}}}\">\n\t\t\t<div class=\"elementor-widget-wrap elementor-element-populated\">\n\t\t\t\t\t\t<div class=\"elementor-element elementor-element-e2eb839 elementor-widget elementor-widget-image\" data-id=\"e2eb839\" data-element_type=\"widget\" data-widget_type=\"image.default\">\n\t\t\t\t<div class=\"elementor-widget-container\">\n\t\t\t\t\t\t\t\t\t\t\t\t\t\t\t<img fetchpriority=\"high\" decoding=\"async\" width=\"800\" height=\"800\" src=\"https:\/\/energieencorps.com\/wp-content\/uploads\/2021\/06\/THERAPIES-2-1024x1024.jpg\" class=\"attachment-large size-large wp-image-2825\" alt=\"Reiki massage. Energy work.\" srcset=\"https:\/\/energieencorps.com\/wp-content\/uploads\/2021\/06\/THERAPIES-2-1024x1024.jpg 1024w, https:\/\/energieencorps.com\/wp-content\/uploads\/2021\/06\/THERAPIES-2-300x300.jpg 300w, https:\/\/energieencorps.com\/wp-content\/uploads\/2021\/06\/THERAPIES-2-150x150.jpg 150w, https:\/\/energieencorps.com\/wp-content\/uploads\/2021\/06\/THERAPIES-2-768x768.jpg 768w, https:\/\/energieencorps.com\/wp-content\/uploads\/2021\/06\/THERAPIES-2-12x12.jpg 12w, https:\/\/energieencorps.com\/wp-content\/uploads\/2021\/06\/THERAPIES-2.jpg 1080w\" sizes=\"(max-width: 800px) 100vw, 800px\" \/>\t\t\t\t\t\t\t\t\t\t\t\t\t\t\t<\/div>\n\t\t\t\t<\/div>\n\t\t\t\t\t<\/div>\n\t\t<\/div>\n\t\t\t\t<div class=\"elementor-column elementor-col-50 elementor-top-column elementor-element elementor-element-5119066\" data-id=\"5119066\" data-element_type=\"column\">\n\t\t\t<div class=\"elementor-widget-wrap elementor-element-populated\">\n\t\t\t\t\t\t<div class=\"elementor-element elementor-element-ceba22f elementor-widget__width-auto elementor-widget elementor-widget-heading\" data-id=\"ceba22f\" data-element_type=\"widget\" data-widget_type=\"heading.default\">\n\t\t\t\t<div class=\"elementor-widget-container\">\n\t\t\t\t\t<span class=\"elementor-heading-title elementor-size-default\">Que se passe-t-il dans une session de reiki?<\/span>\t\t\t\t<\/div>\n\t\t\t\t<\/div>\n\t\t\t\t<div class=\"elementor-element elementor-element-415fefb elementor-widget elementor-widget-text-editor\" data-id=\"415fefb\" data-element_type=\"widget\" data-widget_type=\"text-editor.default\">\n\t\t\t\t<div class=\"elementor-widget-container\">\n\t\t\t\t\t\t\t\t\t<p>Les patients sont enti\u00e8rement habill\u00e9s et peuvent travailler sur une table de massage. Les praticiens de Reiki peuvent poser les mains et, par le toucher, cr\u00e9er l\u2019occasion de diriger l\u2019\u00e9nergie vers les zones du corps ayant besoin d\u2019\u00e9nergie positive. Le praticien peut toucher de mani\u00e8re appropri\u00e9e des parties de votre corps, bien qu\u2019il ne soit pas toujours n\u00e9cessaire de d\u00e9livrer de l\u2019\u00e9nergie. Si certaines parties du corps sont sensibles, veuillez en informer votre th\u00e9rapeute avant notre s\u00e9ance. En fin de compte, toute gu\u00e9rison ou lib\u00e9ration est toujours effectu\u00e9e par le client, et non par le praticien. Le r\u00f4le du praticien de reiki est de laisser la place \u00e0 votre propre d\u00e9couverte et \u00e0 la lib\u00e9ration de ce qui ne vous sert plus afin que vous puissiez vous sentir d\u00e9tendu ou revitaliser.<\/p><p>Quand un traitement commence, le praticien de reiki commence par scanner le corps et passe par le syst\u00e8me de chakra comme guide (vous avez peut-\u00eatre vu une image des chakras dans notre studio de yoga). Nos s\u00e9ances peuvent \u00e9galement int\u00e9grer l\u2019utilisation de cristaux, nos th\u00e9rapeutes choisiront ceux qui vous conviennent en fonction de vos besoins. Pendant la s\u00e9ance, vous pouvez ressentir diff\u00e9rentes sensations: chaud, froid, picotements ou rien du tout \u2013 vous pouvez m\u00eame vous endormir. \u00c0 la fin de la session, vous pouvez faire un compte rendu et partager vos exp\u00e9riences avec votre praticien de reiki. Avec votre permission, ils peuvent partager leurs interpr\u00e9tations de la session sur l\u2019\u00e9nergie.<\/p>\t\t\t\t\t\t\t\t<\/div>\n\t\t\t\t<\/div>\n\t\t\t\t\t<\/div>\n\t\t<\/div>\n\t\t\t\t\t<\/div>\n\t\t<\/section>\n\t\t\t\t<section class=\"elementor-section elementor-top-section elementor-element elementor-element-5f1008a elementor-section-boxed elementor-section-height-default elementor-section-height-default\" data-id=\"5f1008a\" data-element_type=\"section\">\n\t\t\t\t\t\t<div class=\"elementor-container elementor-column-gap-default\">\n\t\t\t\t\t<div class=\"elementor-column elementor-col-50 elementor-top-column elementor-element elementor-element-28a18fd\" data-id=\"28a18fd\" data-element_type=\"column\">\n\t\t\t<div class=\"elementor-widget-wrap\">\n\t\t\t\t\t\t\t<\/div>\n\t\t<\/div>\n\t\t\t\t<div class=\"elementor-column elementor-col-50 elementor-top-column elementor-element elementor-element-88d7f05\" data-id=\"88d7f05\" data-element_type=\"column\">\n\t\t\t<div class=\"elementor-widget-wrap\">\n\t\t\t\t\t\t\t<\/div>\n\t\t<\/div>\n\t\t\t\t\t<\/div>\n\t\t<\/section>\n\t\t\t\t<\/div>","protected":false},"excerpt":{"rendered":"<p>West island Holistic Health and Wellness Reiki Relax with a Reiki session The word Reiki is derived from two Japanese words: rei and ki. Rei means \u201chigher power\u201d or \u201cspiritual power.\u201d Ki means \u201cenergy.\u201d Put together, Reiki can be loosely translated as \u201cspiritual life force energy.\u201d Reiki is about creating the space and time for [&hellip;]<\/p>","protected":false},"author":5,"featured_media":1518,"parent":0,"menu_order":6,"comment_status":"closed","ping_status":"closed","template":"elementor_header_footer","meta":{"footnotes":""},"class_list":["post-350","page","type-page","status-publish","has-post-thumbnail","hentry"],"yoast_head":"<!-- This site is optimized with the Yoast SEO plugin v26.0 - https:\/\/yoast.com\/wordpress\/plugins\/seo\/ -->\n<title>Reiki Services West Island Pointe-Claire | Energie EnCorps<\/title>\n<meta name=\"description\" content=\"Learn more about our Reiki Services: Reiki healing, Reiki Massages. Come to visit our studio in Pointe-Claire &amp; Book an appointment Now\" \/>\n<meta name=\"robots\" content=\"index, follow, max-snippet:-1, max-image-preview:large, max-video-preview:-1\" \/>\n<link rel=\"canonical\" href=\"https:\/\/energieencorps.com\/fr\/reiki-services\/\" \/>\n<meta property=\"og:locale\" content=\"fr_CA\" \/>\n<meta property=\"og:type\" content=\"article\" \/>\n<meta property=\"og:title\" content=\"Book Reiki Appointment at Energie Encorps\" \/>\n<meta property=\"og:description\" content=\"Professional and experienced reiki practitioners ready to serve you in a warm and inviting wellness centre setting. An integrative approach to health and wellness, our services include massage, reflexology, reiki, nutrition, naturopathy and of course yoga and fitness. Let us help you shine from the inside out!\" \/>\n<meta property=\"og:url\" content=\"https:\/\/energieencorps.com\/fr\/reiki-services\/\" \/>\n<meta property=\"og:site_name\" content=\"Energie EnCorps\" \/>\n<meta property=\"article:modified_time\" content=\"2025-10-14T14:36:09+00:00\" \/>\n<meta property=\"og:image\" content=\"https:\/\/energieencorps.com\/wp-content\/uploads\/2021\/06\/THERAPIES-2.jpg\" \/>\n\t<meta property=\"og:image:width\" content=\"1080\" \/>\n\t<meta property=\"og:image:height\" content=\"1080\" \/>\n\t<meta property=\"og:image:type\" content=\"image\/jpeg\" \/>\n<meta name=\"twitter:card\" content=\"summary_large_image\" \/>\n<meta name=\"twitter:label1\" content=\"Estimation du temps de lecture\" \/>\n\t<meta name=\"twitter:data1\" content=\"3 minutes\" \/>\n<script type=\"application\/ld+json\" class=\"yoast-schema-graph\">{\"@context\":\"https:\/\/schema.org\",\"@graph\":[{\"@type\":\"WebPage\",\"@id\":\"https:\/\/energieencorps.com\/reiki-services\/\",\"url\":\"https:\/\/energieencorps.com\/reiki-services\/\",\"name\":\"Reiki Services West Island Pointe-Claire | Energie EnCorps\",\"isPartOf\":{\"@id\":\"https:\/\/energieencorps.com\/#website\"},\"primaryImageOfPage\":{\"@id\":\"https:\/\/energieencorps.com\/reiki-services\/#primaryimage\"},\"image\":{\"@id\":\"https:\/\/energieencorps.com\/reiki-services\/#primaryimage\"},\"thumbnailUrl\":\"https:\/\/energieencorps.com\/wp-content\/uploads\/2021\/04\/Reiki-1.jpg\",\"datePublished\":\"2021-02-03T15:54:11+00:00\",\"dateModified\":\"2025-10-14T14:36:09+00:00\",\"description\":\"Learn more about our Reiki Services: Reiki healing, Reiki Massages. Come to visit our studio in Pointe-Claire & Book an appointment Now\",\"breadcrumb\":{\"@id\":\"https:\/\/energieencorps.com\/reiki-services\/#breadcrumb\"},\"inLanguage\":\"fr-CA\",\"potentialAction\":[{\"@type\":\"ReadAction\",\"target\":[\"https:\/\/energieencorps.com\/reiki-services\/\"]}]},{\"@type\":\"ImageObject\",\"inLanguage\":\"fr-CA\",\"@id\":\"https:\/\/energieencorps.com\/reiki-services\/#primaryimage\",\"url\":\"https:\/\/energieencorps.com\/wp-content\/uploads\/2021\/04\/Reiki-1.jpg\",\"contentUrl\":\"https:\/\/energieencorps.com\/wp-content\/uploads\/2021\/04\/Reiki-1.jpg\",\"width\":1200,\"height\":800,\"caption\":\"Reiki west island\"},{\"@type\":\"BreadcrumbList\",\"@id\":\"https:\/\/energieencorps.com\/reiki-services\/#breadcrumb\",\"itemListElement\":[{\"@type\":\"ListItem\",\"position\":1,\"name\":\"Home\",\"item\":\"https:\/\/energieencorps.com\/\"},{\"@type\":\"ListItem\",\"position\":2,\"name\":\"Reiki\"}]},{\"@type\":\"WebSite\",\"@id\":\"https:\/\/energieencorps.com\/#website\",\"url\":\"https:\/\/energieencorps.com\/\",\"name\":\"Energie EnCorps\",\"description\":\"Helping you shine\",\"publisher\":{\"@id\":\"https:\/\/energieencorps.com\/#organization\"},\"potentialAction\":[{\"@type\":\"SearchAction\",\"target\":{\"@type\":\"EntryPoint\",\"urlTemplate\":\"https:\/\/energieencorps.com\/?s={search_term_string}\"},\"query-input\":{\"@type\":\"PropertyValueSpecification\",\"valueRequired\":true,\"valueName\":\"search_term_string\"}}],\"inLanguage\":\"fr-CA\"},{\"@type\":\"Organization\",\"@id\":\"https:\/\/energieencorps.com\/#organization\",\"name\":\"Energie Encorps\",\"url\":\"https:\/\/energieencorps.com\/\",\"logo\":{\"@type\":\"ImageObject\",\"inLanguage\":\"fr-CA\",\"@id\":\"https:\/\/energieencorps.com\/#\/schema\/logo\/image\/\",\"url\":\"https:\/\/energieencorps.com\/wp-content\/uploads\/2021\/06\/Default-Image.png\",\"contentUrl\":\"https:\/\/energieencorps.com\/wp-content\/uploads\/2021\/06\/Default-Image.png\",\"width\":1200,\"height\":700,\"caption\":\"Energie Encorps\"},\"image\":{\"@id\":\"https:\/\/energieencorps.com\/#\/schema\/logo\/image\/\"}}]}<\/script>\n<!-- \/ Yoast SEO plugin. -->","yoast_head_json":{"title":"Reiki Services West Island Pointe-Claire | Energie EnCorps","description":"Learn more about our Reiki Services: Reiki healing, Reiki Massages. Come to visit our studio in Pointe-Claire & Book an appointment Now","robots":{"index":"index","follow":"follow","max-snippet":"max-snippet:-1","max-image-preview":"max-image-preview:large","max-video-preview":"max-video-preview:-1"},"canonical":"https:\/\/energieencorps.com\/fr\/reiki-services\/","og_locale":"fr_CA","og_type":"article","og_title":"Book Reiki Appointment at Energie Encorps","og_description":"Professional and experienced reiki practitioners ready to serve you in a warm and inviting wellness centre setting. An integrative approach to health and wellness, our services include massage, reflexology, reiki, nutrition, naturopathy and of course yoga and fitness. Let us help you shine from the inside out!","og_url":"https:\/\/energieencorps.com\/fr\/reiki-services\/","og_site_name":"Energie EnCorps","article_modified_time":"2025-10-14T14:36:09+00:00","og_image":[{"width":1080,"height":1080,"url":"https:\/\/energieencorps.com\/wp-content\/uploads\/2021\/06\/THERAPIES-2.jpg","type":"image\/jpeg"}],"twitter_card":"summary_large_image","twitter_misc":{"Estimation du temps de lecture":"3 minutes"},"schema":{"@context":"https:\/\/schema.org","@graph":[{"@type":"WebPage","@id":"https:\/\/energieencorps.com\/reiki-services\/","url":"https:\/\/energieencorps.com\/reiki-services\/","name":"Reiki Services West Island Pointe-Claire | Energie EnCorps","isPartOf":{"@id":"https:\/\/energieencorps.com\/#website"},"primaryImageOfPage":{"@id":"https:\/\/energieencorps.com\/reiki-services\/#primaryimage"},"image":{"@id":"https:\/\/energieencorps.com\/reiki-services\/#primaryimage"},"thumbnailUrl":"https:\/\/energieencorps.com\/wp-content\/uploads\/2021\/04\/Reiki-1.jpg","datePublished":"2021-02-03T15:54:11+00:00","dateModified":"2025-10-14T14:36:09+00:00","description":"Learn more about our Reiki Services: Reiki healing, Reiki Massages. Come to visit our studio in Pointe-Claire & Book an appointment Now","breadcrumb":{"@id":"https:\/\/energieencorps.com\/reiki-services\/#breadcrumb"},"inLanguage":"fr-CA","potentialAction":[{"@type":"ReadAction","target":["https:\/\/energieencorps.com\/reiki-services\/"]}]},{"@type":"ImageObject","inLanguage":"fr-CA","@id":"https:\/\/energieencorps.com\/reiki-services\/#primaryimage","url":"https:\/\/energieencorps.com\/wp-content\/uploads\/2021\/04\/Reiki-1.jpg","contentUrl":"https:\/\/energieencorps.com\/wp-content\/uploads\/2021\/04\/Reiki-1.jpg","width":1200,"height":800,"caption":"Reiki west island"},{"@type":"BreadcrumbList","@id":"https:\/\/energieencorps.com\/reiki-services\/#breadcrumb","itemListElement":[{"@type":"ListItem","position":1,"name":"Home","item":"https:\/\/energieencorps.com\/"},{"@type":"ListItem","position":2,"name":"Reiki"}]},{"@type":"WebSite","@id":"https:\/\/energieencorps.com\/#website","url":"https:\/\/energieencorps.com\/","name":"Energie EnCorps","description":"Helping you shine","publisher":{"@id":"https:\/\/energieencorps.com\/#organization"},"potentialAction":[{"@type":"SearchAction","target":{"@type":"EntryPoint","urlTemplate":"https:\/\/energieencorps.com\/?s={search_term_string}"},"query-input":{"@type":"PropertyValueSpecification","valueRequired":true,"valueName":"search_term_string"}}],"inLanguage":"fr-CA"},{"@type":"Organization","@id":"https:\/\/energieencorps.com\/#organization","name":"Energie Encorps","url":"https:\/\/energieencorps.com\/","logo":{"@type":"ImageObject","inLanguage":"fr-CA","@id":"https:\/\/energieencorps.com\/#\/schema\/logo\/image\/","url":"https:\/\/energieencorps.com\/wp-content\/uploads\/2021\/06\/Default-Image.png","contentUrl":"https:\/\/energieencorps.com\/wp-content\/uploads\/2021\/06\/Default-Image.png","width":1200,"height":700,"caption":"Energie Encorps"},"image":{"@id":"https:\/\/energieencorps.com\/#\/schema\/logo\/image\/"}}]}},"_links":{"self":[{"href":"https:\/\/energieencorps.com\/fr\/wp-json\/wp\/v2\/pages\/350","targetHints":{"allow":["GET"]}}],"collection":[{"href":"https:\/\/energieencorps.com\/fr\/wp-json\/wp\/v2\/pages"}],"about":[{"href":"https:\/\/energieencorps.com\/fr\/wp-json\/wp\/v2\/types\/page"}],"author":[{"embeddable":true,"href":"https:\/\/energieencorps.com\/fr\/wp-json\/wp\/v2\/users\/5"}],"replies":[{"embeddable":true,"href":"https:\/\/energieencorps.com\/fr\/wp-json\/wp\/v2\/comments?post=350"}],"version-history":[{"count":130,"href":"https:\/\/energieencorps.com\/fr\/wp-json\/wp\/v2\/pages\/350\/revisions"}],"predecessor-version":[{"id":18371,"href":"https:\/\/energieencorps.com\/fr\/wp-json\/wp\/v2\/pages\/350\/revisions\/18371"}],"wp:featuredmedia":[{"embeddable":true,"href":"https:\/\/energieencorps.com\/fr\/wp-json\/wp\/v2\/media\/1518"}],"wp:attachment":[{"href":"https:\/\/energieencorps.com\/fr\/wp-json\/wp\/v2\/media?parent=350"}],"curies":[{"name":"wp","href":"https:\/\/api.w.org\/{rel}","templated":true}]}}