{"id":348,"date":"2021-02-03T15:53:34","date_gmt":"2021-02-03T15:53:34","guid":{"rendered":"https:\/\/energieencorps.ca\/?page_id=348"},"modified":"2025-10-14T10:34:23","modified_gmt":"2025-10-14T14:34:23","slug":"private-yoga","status":"publish","type":"page","link":"https:\/\/energieencorps.com\/fr\/holistic-health-services\/private-yoga\/","title":{"rendered":"Yoga priv\u00e9"},"content":{"rendered":"<div data-elementor-type=\"wp-page\" data-elementor-id=\"348\" class=\"elementor elementor-348\" data-elementor-post-type=\"page\">\n\t\t\t\t\t\t<section class=\"elementor-section elementor-top-section elementor-element elementor-element-c1c9213 elementor-section-boxed elementor-section-height-default elementor-section-height-default\" data-id=\"c1c9213\" data-element_type=\"section\" data-settings=\"{&quot;background_background&quot;:&quot;classic&quot;}\">\n\t\t\t\t\t\t<div class=\"elementor-container elementor-column-gap-default\">\n\t\t\t\t\t<div class=\"elementor-column elementor-col-100 elementor-top-column elementor-element elementor-element-12373fe\" data-id=\"12373fe\" data-element_type=\"column\">\n\t\t\t<div class=\"elementor-widget-wrap elementor-element-populated\">\n\t\t\t\t\t\t<div class=\"elementor-element elementor-element-04ed33d elementor-widget elementor-widget-heading\" data-id=\"04ed33d\" data-element_type=\"widget\" data-widget_type=\"heading.default\">\n\t\t\t\t<div class=\"elementor-widget-container\">\n\t\t\t\t\t<h1 class=\"elementor-heading-title elementor-size-default\">\n\n<\/h1>\t\t\t\t<\/div>\n\t\t\t\t<\/div>\n\t\t\t\t<div class=\"elementor-element elementor-element-c7aceda elementor-widget elementor-widget-heading\" data-id=\"c7aceda\" data-element_type=\"widget\" data-widget_type=\"heading.default\">\n\t\t\t\t<div class=\"elementor-widget-container\">\n\t\t\t\t\t<h6 class=\"elementor-heading-title elementor-size-default\">centre de bien-\u00eatre holistique<\/h6>\t\t\t\t<\/div>\n\t\t\t\t<\/div>\n\t\t\t\t<div class=\"elementor-element elementor-element-21131bc elementor-widget elementor-widget-heading\" data-id=\"21131bc\" data-element_type=\"widget\" data-widget_type=\"heading.default\">\n\t\t\t\t<div class=\"elementor-widget-container\">\n\t\t\t\t\t<h1 class=\"elementor-heading-title elementor-size-default\">Yoga priv\u00e9<\/h1>\t\t\t\t<\/div>\n\t\t\t\t<\/div>\n\t\t\t\t\t<\/div>\n\t\t<\/div>\n\t\t\t\t\t<\/div>\n\t\t<\/section>\n\t\t\t\t<section class=\"elementor-section elementor-top-section elementor-element elementor-element-1be5cf58 elementor-section-boxed elementor-section-height-default elementor-section-height-default\" data-id=\"1be5cf58\" data-element_type=\"section\">\n\t\t\t\t\t\t<div class=\"elementor-container elementor-column-gap-default\">\n\t\t\t\t\t<div class=\"elementor-column elementor-col-50 elementor-top-column elementor-element elementor-element-11bbfae5\" data-id=\"11bbfae5\" data-element_type=\"column\">\n\t\t\t<div class=\"elementor-widget-wrap elementor-element-populated\">\n\t\t\t\t\t\t<div class=\"elementor-element elementor-element-1ece77db elementor-widget elementor-widget-shortcode\" data-id=\"1ece77db\" data-element_type=\"widget\" data-widget_type=\"shortcode.default\">\n\t\t\t\t<div class=\"elementor-widget-container\">\n\t\t\t\t\t\t\t<div class=\"elementor-shortcode\"><script src=\"https:\/\/widgets.mindbodyonline.com\/javascripts\/healcode.js\" type=\"text\/javascript\"><\/script>\n<healcode-widget data-type=\"appointments\" data-widget-partner=\"object\" data-widget-id=\"3f85347cf08\" data-widget-version=\"0\" ><\/healcode-widget><\/div>\n\t\t\t\t\t\t<\/div>\n\t\t\t\t<\/div>\n\t\t\t\t\t<\/div>\n\t\t<\/div>\n\t\t\t\t<div class=\"elementor-column elementor-col-50 elementor-top-column elementor-element elementor-element-63daa3a4\" data-id=\"63daa3a4\" data-element_type=\"column\">\n\t\t\t<div class=\"elementor-widget-wrap elementor-element-populated\">\n\t\t\t\t\t\t<div class=\"elementor-element elementor-element-77ac6699 elementor-widget elementor-widget-heading\" data-id=\"77ac6699\" data-element_type=\"widget\" data-widget_type=\"heading.default\">\n\t\t\t\t<div class=\"elementor-widget-container\">\n\t\t\t\t\t<h1 class=\"elementor-heading-title elementor-size-xl\">Approfondissez votre pratique<\/h1>\t\t\t\t<\/div>\n\t\t\t\t<\/div>\n\t\t\t\t<div class=\"elementor-element elementor-element-778cc4b elementor-widget elementor-widget-text-editor\" data-id=\"778cc4b\" data-element_type=\"widget\" data-widget_type=\"text-editor.default\">\n\t\t\t\t<div class=\"elementor-widget-container\">\n\t\t\t\t\t\t\t\t\t<p>Le yoga th\u00e9rapeutique offre l\u2019int\u00e9gration holistique des techniques et des philosophies yogiques traditionnelles avec la connaissance m\u00e9dicale et psychologique occidentale. Il permet aux individus avec des probl\u00e9matiques de sant\u00e9, tel que des maux de dos chroniques ou bien des troubles \u00e9motives, de bien g\u00e9rer leurs conditions a\ufb01n de faciliterla gu\u00e9rison. Le yoga th\u00e9rapeute vise \u00e0 restaurer l\u2019\u00e9quilibre de l\u2019organisme par le bias de techniques multi-dimensionelles ax\u00e9es sur l\u2019am\u00e9lioration de la qualit\u00e9 de vie, de la respiration, de la posture et de la d\u00e9tente a\ufb01n que l\u2019individu puisse ma\u00eetriser sa sant\u00e9 et son bien-\u00eatre.<\/p>\t\t\t\t\t\t\t\t<\/div>\n\t\t\t\t<\/div>\n\t\t\t\t<div class=\"elementor-element elementor-element-da1e8f1 elementor-align-left elementor-icon-list--layout-traditional elementor-list-item-link-full_width elementor-widget elementor-widget-icon-list\" data-id=\"da1e8f1\" data-element_type=\"widget\" data-widget_type=\"icon-list.default\">\n\t\t\t\t<div class=\"elementor-widget-container\">\n\t\t\t\t\t\t\t<ul class=\"elementor-icon-list-items\">\n\t\t\t\t\t\t\t<li class=\"elementor-icon-list-item\">\n\t\t\t\t\t\t\t\t\t\t\t<span class=\"elementor-icon-list-icon\">\n\t\t\t\t\t\t\t<i aria-hidden=\"true\" class=\"fas fa-check\"><\/i>\t\t\t\t\t\t<\/span>\n\t\t\t\t\t\t\t\t\t\t<span class=\"elementor-icon-list-text\"><div><span>Soulagez ou r\u00e9duisez le stress ou l'intimidation subis par les d\u00e9butants lorsqu'ils assistent pour la premi\u00e8re fois \u00e0 des cours de yoga en grand groupe. Les cours priv\u00e9s de yoga vous donneront un cours acc\u00e9l\u00e9r\u00e9 sur les bases du yoga, ce qui vous donnera les bases n\u00e9cessaires pour vous sentir \u00e0 l'aise dans un environnement de groupe.<\/span><span style=\"background-color: transparent\"><\/span><\/div><\/span>\n\t\t\t\t\t\t\t\t\t<\/li>\n\t\t\t\t\t\t\t\t<li class=\"elementor-icon-list-item\">\n\t\t\t\t\t\t\t\t\t\t\t<span class=\"elementor-icon-list-icon\">\n\t\t\t\t\t\t\t<i aria-hidden=\"true\" class=\"fas fa-check\"><\/i>\t\t\t\t\t\t<\/span>\n\t\t\t\t\t\t\t\t\t\t<span class=\"elementor-icon-list-text\"><div><span style=\"background-color: transparent\">Ils sont le moyen id\u00e9al pour travailler avec des probl\u00e8mes de sant\u00e9 particuliers, des blessures ou toute autre limitation que vous pourriez rencontrer. Si vous \u00eates pr\u00e9occup\u00e9 par la possibilit\u00e9 d'une nouvelle blessure, en travaillant en t\u00eate-\u00e0-t\u00eate avec un instructeur de yoga priv\u00e9, vous apprendrez \u00e0 adapter certaines postures et \u00e0 utiliser des modifications, ainsi qu'\u00e0 d\u00e9couvrir s'il y a des poses sp\u00e9cifiques \u00e0 \u00e9viter en classe. .<\/span><span style=\"background-color: transparent\"><\/span><br><\/div><\/span>\n\t\t\t\t\t\t\t\t\t<\/li>\n\t\t\t\t\t\t\t\t<li class=\"elementor-icon-list-item\">\n\t\t\t\t\t\t\t\t\t\t\t<span class=\"elementor-icon-list-icon\">\n\t\t\t\t\t\t\t<i aria-hidden=\"true\" class=\"fas fa-check\"><\/i>\t\t\t\t\t\t<\/span>\n\t\t\t\t\t\t\t\t\t\t<span class=\"elementor-icon-list-text\"><div><span style=\"background-color: transparent\">Les cours de yoga priv\u00e9s peuvent offrir une option tr\u00e8s viable si vous vous \u00eates fix\u00e9 un objectif sp\u00e9cifique - qu'il soit mental, \u00e9motionnel, spirituel ou physique. Avec un objectif sp\u00e9cifique en t\u00eate, un instructeur de yoga priv\u00e9 peut adapter et cr\u00e9er une pratique sp\u00e9cifique pour vous, con\u00e7ue pour vous aider \u00e0 atteindre vos objectifs.<\/span><span style=\"background-color: transparent\"><\/span><br><\/div><\/span>\n\t\t\t\t\t\t\t\t\t<\/li>\n\t\t\t\t\t\t\t\t<li class=\"elementor-icon-list-item\">\n\t\t\t\t\t\t\t\t\t\t\t<span class=\"elementor-icon-list-icon\">\n\t\t\t\t\t\t\t<i aria-hidden=\"true\" class=\"fas fa-check\"><\/i>\t\t\t\t\t\t<\/span>\n\t\t\t\t\t\t\t\t\t\t<span class=\"elementor-icon-list-text\"><div><span style=\"background-color: transparent\">Avec les nombreux types de yoga disponibles, un instructeur qualifi\u00e9 sera en mesure de fournir des recommandations sur les types de yoga qui vous conviennent le mieux en fonction de ses observations lors de s\u00e9ances de yoga priv\u00e9es.<\/span><span style=\"background-color: transparent\"><\/span><br><\/div><\/span>\n\t\t\t\t\t\t\t\t\t<\/li>\n\t\t\t\t\t\t\t\t<li class=\"elementor-icon-list-item\">\n\t\t\t\t\t\t\t\t\t\t\t<span class=\"elementor-icon-list-icon\">\n\t\t\t\t\t\t\t<i aria-hidden=\"true\" class=\"fas fa-check\"><\/i>\t\t\t\t\t\t<\/span>\n\t\t\t\t\t\t\t\t\t\t<span class=\"elementor-icon-list-text\"><div><span>Les praticiens de yoga exp\u00e9riment\u00e9s peuvent \u00e9galement grandement b\u00e9n\u00e9ficier de cours de yoga priv\u00e9s, en particulier pour ceux qui souhaitent faire passer leur pratique au niveau sup\u00e9rieur. Un instructeur de yoga priv\u00e9 peut travailler en \u00e9troite collaboration avec vous pour vous amener dans des poses plus difficiles dans un environnement s\u00fbr et inspirant.<\/span><span style=\"background-color: transparent\"><\/span><\/div><\/span>\n\t\t\t\t\t\t\t\t\t<\/li>\n\t\t\t\t\t\t<\/ul>\n\t\t\t\t\t\t<\/div>\n\t\t\t\t<\/div>\n\t\t\t\t<div class=\"elementor-element elementor-element-187a9da6 elementor-widget elementor-widget-price-list\" data-id=\"187a9da6\" data-element_type=\"widget\" data-widget_type=\"price-list.default\">\n\t\t\t\t<div class=\"elementor-widget-container\">\n\t\t\t\t\t\n\t\t<ul class=\"elementor-price-list\">\n\n\t\t\t\t\t\t\t\t\t<li><a class=\"elementor-price-list-item\" href=\"#\">\t\t\t\t\n\t\t\t\t<div class=\"elementor-price-list-text\">\n\t\t\t\t\t\t\t\t\t<div class=\"elementor-price-list-header\">\n\t\t\t\t\t\t\t\t\t\t\t<span class=\"elementor-price-list-title\">\n\t\t\t\t\t\t\tYoga priv\u00e9\t\t\t\t\t\t<\/span>\n\t\t\t\t\t\t\t\t\t\t\t\t\t\t\t\t\t\t<span class=\"elementor-price-list-separator\"><\/span>\n\t\t\t\t\t\t\t\t\t\t\t\t\t\t\t\t\t\t\t<span class=\"elementor-price-list-price\">$100<\/span>\n\t\t\t\t\t\t\t\t\t\t<\/div>\n\t\t\t\t\t\t\t\t\t\t\t\t\t\t\t<p class=\"elementor-price-list-description\">\n\t\t\t\t\t\t\t60min\t\t\t\t\t\t<\/p>\n\t\t\t\t\t\t\t\t<\/div>\n\t\t\t\t<\/a><\/li>\t\t\t\t\t\t\t\t\t\t\t\t<li><a class=\"elementor-price-list-item\" href=\"#\">\t\t\t\t\n\t\t\t\t<div class=\"elementor-price-list-text\">\n\t\t\t\t\t\t\t\t\t<div class=\"elementor-price-list-header\">\n\t\t\t\t\t\t\t\t\t\t\t<span class=\"elementor-price-list-title\">\n\t\t\t\t\t\t\tEntra\u00eenement priv\u00e9 en couple\t\t\t\t\t\t<\/span>\n\t\t\t\t\t\t\t\t\t\t\t\t\t\t\t\t\t\t<span class=\"elementor-price-list-separator\"><\/span>\n\t\t\t\t\t\t\t\t\t\t\t\t\t\t\t\t\t\t\t<span class=\"elementor-price-list-price\">$160<\/span>\n\t\t\t\t\t\t\t\t\t\t<\/div>\n\t\t\t\t\t\t\t\t\t\t\t\t\t\t\t<p class=\"elementor-price-list-description\">\n\t\t\t\t\t\t\t60min\t\t\t\t\t\t<\/p>\n\t\t\t\t\t\t\t\t<\/div>\n\t\t\t\t<\/a><\/li>\t\t\t\t\t\n\t\t<\/ul>\n\n\t\t\t\t\t\t<\/div>\n\t\t\t\t<\/div>\n\t\t\t\t\t<\/div>\n\t\t<\/div>\n\t\t\t\t\t<\/div>\n\t\t<\/section>\n\t\t\t\t<section class=\"elementor-section elementor-top-section elementor-element elementor-element-e100d5a elementor-section-boxed elementor-section-height-default elementor-section-height-default\" data-id=\"e100d5a\" data-element_type=\"section\">\n\t\t\t\t\t\t<div class=\"elementor-container elementor-column-gap-default\">\n\t\t\t\t\t<div class=\"elementor-column elementor-col-100 elementor-top-column elementor-element elementor-element-fde5ac6\" data-id=\"fde5ac6\" data-element_type=\"column\">\n\t\t\t<div class=\"elementor-widget-wrap elementor-element-populated\">\n\t\t\t\t\t\t<div class=\"elementor-element elementor-element-46d7ccb elementor-widget elementor-widget-text-editor\" data-id=\"46d7ccb\" data-element_type=\"widget\" data-widget_type=\"text-editor.default\">\n\t\t\t\t<div class=\"elementor-widget-container\">\n\t\t\t\t\t\t\t\t\t<p><strong>Politiques de r\u00e9servation et d'annulation<\/strong><\/p><ul><li>Faites une demande de rendez-vous en ligne ou appelez le (514) 505-9642.<\/li><li>Les demandes de rendez-vous sont approuv\u00e9es par courriel ou par t\u00e9l\u00e9phone.<\/li><li>Les informations relatives \u00e0 la carte de cr\u00e9dit seront collect\u00e9es au moment de la r\u00e9servation.\u00a0<\/li><li>Un courriel ou un texte sera envoy\u00e9 48 heures avant le rendez-vous pour demander une confirmation.<\/li><li>Les rendez-vous annul\u00e9s dans un d\u00e9lai de 24 heures ou moins sont factur\u00e9s \u00e0 100 % de leur co\u00fbt.<\/li><li>Les r\u00e9servations non confirm\u00e9es seront annul\u00e9es.<\/li><li>Demandes de rendez-vous faites dans les 24 heures n\u00e9cessitent la confirmation du th\u00e9rapeute.<\/li><li>Les demandes effectu\u00e9es apr\u00e8s 24 heures peuvent \u00eatre approuv\u00e9es instantan\u00e9ment.<\/li><\/ul>\t\t\t\t\t\t\t\t<\/div>\n\t\t\t\t<\/div>\n\t\t\t\t\t<\/div>\n\t\t<\/div>\n\t\t\t\t\t<\/div>\n\t\t<\/section>\n\t\t\t\t<\/div>","protected":false},"excerpt":{"rendered":"<p>West island Holistic Health and Wellness Private Yoga Deepen your Practice A private session allows for a more intimate view into YOUR practice. You can start a new practice, deepen your current practice or spend some time working with an injury or specific goal or concern. Ease or reduce the stress or intimidation experienced by [&hellip;]<\/p>","protected":false},"author":5,"featured_media":11545,"parent":260,"menu_order":5,"comment_status":"closed","ping_status":"closed","template":"elementor_header_footer","meta":{"footnotes":""},"class_list":["post-348","page","type-page","status-publish","has-post-thumbnail","hentry"],"yoast_head":"<!-- This site is optimized with the Yoast SEO plugin v26.0 - https:\/\/yoast.com\/wordpress\/plugins\/seo\/ -->\n<title>Private Yoga Pointe Claire in West Island | Energie EnCorps<\/title>\n<meta name=\"description\" content=\"Learn more about our Private Yoga classes: Ashtanga, Prana, Mysore. Come to visit our studio in Pointe-Claire &amp; Book an appointment Now\" \/>\n<meta name=\"robots\" content=\"index, follow, max-snippet:-1, max-image-preview:large, max-video-preview:-1\" \/>\n<link rel=\"canonical\" href=\"https:\/\/energieencorps.com\/fr\/holistic-health-services\/private-yoga\/\" \/>\n<meta property=\"og:locale\" content=\"fr_CA\" \/>\n<meta property=\"og:type\" content=\"article\" \/>\n<meta property=\"og:title\" content=\"Book Private yoga Appointment at Energie Encorps\" \/>\n<meta property=\"og:description\" content=\"Professional and experienced yoga teachers ready to serve you in a warm and inviting wellness centre setting. An integrative approach to health and wellness, our services include massage, reflexology, reiki, nutrition, naturopathy and of course yoga and fitness. Let us help you shine from the inside out!\" \/>\n<meta property=\"og:url\" content=\"https:\/\/energieencorps.com\/fr\/holistic-health-services\/private-yoga\/\" \/>\n<meta property=\"og:site_name\" content=\"Energie EnCorps\" \/>\n<meta property=\"article:modified_time\" content=\"2025-10-14T14:34:23+00:00\" \/>\n<meta property=\"og:image\" content=\"https:\/\/energieencorps.com\/wp-content\/uploads\/2021\/06\/Private-Yoga-80-1.jpg\" \/>\n\t<meta property=\"og:image:width\" content=\"1080\" \/>\n\t<meta property=\"og:image:height\" content=\"1080\" \/>\n\t<meta property=\"og:image:type\" content=\"image\/jpeg\" \/>\n<meta name=\"twitter:card\" content=\"summary_large_image\" \/>\n<meta name=\"twitter:label1\" content=\"Estimation du temps de lecture\" \/>\n\t<meta name=\"twitter:data1\" content=\"2 minutes\" \/>\n<script type=\"application\/ld+json\" class=\"yoast-schema-graph\">{\"@context\":\"https:\/\/schema.org\",\"@graph\":[{\"@type\":\"WebPage\",\"@id\":\"https:\/\/energieencorps.com\/holistic-health-services\/private-yoga\/\",\"url\":\"https:\/\/energieencorps.com\/holistic-health-services\/private-yoga\/\",\"name\":\"Private Yoga Pointe Claire in West Island | Energie EnCorps\",\"isPartOf\":{\"@id\":\"https:\/\/energieencorps.com\/#website\"},\"primaryImageOfPage\":{\"@id\":\"https:\/\/energieencorps.com\/holistic-health-services\/private-yoga\/#primaryimage\"},\"image\":{\"@id\":\"https:\/\/energieencorps.com\/holistic-health-services\/private-yoga\/#primaryimage\"},\"thumbnailUrl\":\"https:\/\/energieencorps.com\/wp-content\/uploads\/2023\/06\/IMG_0286.jpg\",\"datePublished\":\"2021-02-03T15:53:34+00:00\",\"dateModified\":\"2025-10-14T14:34:23+00:00\",\"description\":\"Learn more about our Private Yoga classes: Ashtanga, Prana, Mysore. Come to visit our studio in Pointe-Claire & Book an appointment Now\",\"breadcrumb\":{\"@id\":\"https:\/\/energieencorps.com\/holistic-health-services\/private-yoga\/#breadcrumb\"},\"inLanguage\":\"fr-CA\",\"potentialAction\":[{\"@type\":\"ReadAction\",\"target\":[\"https:\/\/energieencorps.com\/holistic-health-services\/private-yoga\/\"]}]},{\"@type\":\"ImageObject\",\"inLanguage\":\"fr-CA\",\"@id\":\"https:\/\/energieencorps.com\/holistic-health-services\/private-yoga\/#primaryimage\",\"url\":\"https:\/\/energieencorps.com\/wp-content\/uploads\/2023\/06\/IMG_0286.jpg\",\"contentUrl\":\"https:\/\/energieencorps.com\/wp-content\/uploads\/2023\/06\/IMG_0286.jpg\",\"width\":1179,\"height\":1863,\"caption\":\"Private Yoga\"},{\"@type\":\"BreadcrumbList\",\"@id\":\"https:\/\/energieencorps.com\/holistic-health-services\/private-yoga\/#breadcrumb\",\"itemListElement\":[{\"@type\":\"ListItem\",\"position\":1,\"name\":\"Home\",\"item\":\"https:\/\/energieencorps.com\/\"},{\"@type\":\"ListItem\",\"position\":2,\"name\":\"Holistic Health Services\",\"item\":\"https:\/\/energieencorps.com\/holistic-health-services\/\"},{\"@type\":\"ListItem\",\"position\":3,\"name\":\"Private Yoga\"}]},{\"@type\":\"WebSite\",\"@id\":\"https:\/\/energieencorps.com\/#website\",\"url\":\"https:\/\/energieencorps.com\/\",\"name\":\"Energie EnCorps\",\"description\":\"Helping you shine\",\"publisher\":{\"@id\":\"https:\/\/energieencorps.com\/#organization\"},\"potentialAction\":[{\"@type\":\"SearchAction\",\"target\":{\"@type\":\"EntryPoint\",\"urlTemplate\":\"https:\/\/energieencorps.com\/?s={search_term_string}\"},\"query-input\":{\"@type\":\"PropertyValueSpecification\",\"valueRequired\":true,\"valueName\":\"search_term_string\"}}],\"inLanguage\":\"fr-CA\"},{\"@type\":\"Organization\",\"@id\":\"https:\/\/energieencorps.com\/#organization\",\"name\":\"Energie Encorps\",\"url\":\"https:\/\/energieencorps.com\/\",\"logo\":{\"@type\":\"ImageObject\",\"inLanguage\":\"fr-CA\",\"@id\":\"https:\/\/energieencorps.com\/#\/schema\/logo\/image\/\",\"url\":\"https:\/\/energieencorps.com\/wp-content\/uploads\/2021\/06\/Default-Image.png\",\"contentUrl\":\"https:\/\/energieencorps.com\/wp-content\/uploads\/2021\/06\/Default-Image.png\",\"width\":1200,\"height\":700,\"caption\":\"Energie Encorps\"},\"image\":{\"@id\":\"https:\/\/energieencorps.com\/#\/schema\/logo\/image\/\"}}]}<\/script>\n<!-- \/ Yoast SEO plugin. -->","yoast_head_json":{"title":"Private Yoga Pointe Claire in West Island | Energie EnCorps","description":"Learn more about our Private Yoga classes: Ashtanga, Prana, Mysore. Come to visit our studio in Pointe-Claire & Book an appointment Now","robots":{"index":"index","follow":"follow","max-snippet":"max-snippet:-1","max-image-preview":"max-image-preview:large","max-video-preview":"max-video-preview:-1"},"canonical":"https:\/\/energieencorps.com\/fr\/holistic-health-services\/private-yoga\/","og_locale":"fr_CA","og_type":"article","og_title":"Book Private yoga Appointment at Energie Encorps","og_description":"Professional and experienced yoga teachers ready to serve you in a warm and inviting wellness centre setting. An integrative approach to health and wellness, our services include massage, reflexology, reiki, nutrition, naturopathy and of course yoga and fitness. Let us help you shine from the inside out!","og_url":"https:\/\/energieencorps.com\/fr\/holistic-health-services\/private-yoga\/","og_site_name":"Energie EnCorps","article_modified_time":"2025-10-14T14:34:23+00:00","og_image":[{"width":1080,"height":1080,"url":"https:\/\/energieencorps.com\/wp-content\/uploads\/2021\/06\/Private-Yoga-80-1.jpg","type":"image\/jpeg"}],"twitter_card":"summary_large_image","twitter_misc":{"Estimation du temps de lecture":"2 minutes"},"schema":{"@context":"https:\/\/schema.org","@graph":[{"@type":"WebPage","@id":"https:\/\/energieencorps.com\/holistic-health-services\/private-yoga\/","url":"https:\/\/energieencorps.com\/holistic-health-services\/private-yoga\/","name":"Private Yoga Pointe Claire in West Island | Energie EnCorps","isPartOf":{"@id":"https:\/\/energieencorps.com\/#website"},"primaryImageOfPage":{"@id":"https:\/\/energieencorps.com\/holistic-health-services\/private-yoga\/#primaryimage"},"image":{"@id":"https:\/\/energieencorps.com\/holistic-health-services\/private-yoga\/#primaryimage"},"thumbnailUrl":"https:\/\/energieencorps.com\/wp-content\/uploads\/2023\/06\/IMG_0286.jpg","datePublished":"2021-02-03T15:53:34+00:00","dateModified":"2025-10-14T14:34:23+00:00","description":"Learn more about our Private Yoga classes: Ashtanga, Prana, Mysore. Come to visit our studio in Pointe-Claire & Book an appointment Now","breadcrumb":{"@id":"https:\/\/energieencorps.com\/holistic-health-services\/private-yoga\/#breadcrumb"},"inLanguage":"fr-CA","potentialAction":[{"@type":"ReadAction","target":["https:\/\/energieencorps.com\/holistic-health-services\/private-yoga\/"]}]},{"@type":"ImageObject","inLanguage":"fr-CA","@id":"https:\/\/energieencorps.com\/holistic-health-services\/private-yoga\/#primaryimage","url":"https:\/\/energieencorps.com\/wp-content\/uploads\/2023\/06\/IMG_0286.jpg","contentUrl":"https:\/\/energieencorps.com\/wp-content\/uploads\/2023\/06\/IMG_0286.jpg","width":1179,"height":1863,"caption":"Private Yoga"},{"@type":"BreadcrumbList","@id":"https:\/\/energieencorps.com\/holistic-health-services\/private-yoga\/#breadcrumb","itemListElement":[{"@type":"ListItem","position":1,"name":"Home","item":"https:\/\/energieencorps.com\/"},{"@type":"ListItem","position":2,"name":"Holistic Health Services","item":"https:\/\/energieencorps.com\/holistic-health-services\/"},{"@type":"ListItem","position":3,"name":"Private Yoga"}]},{"@type":"WebSite","@id":"https:\/\/energieencorps.com\/#website","url":"https:\/\/energieencorps.com\/","name":"Energie EnCorps","description":"Helping you shine","publisher":{"@id":"https:\/\/energieencorps.com\/#organization"},"potentialAction":[{"@type":"SearchAction","target":{"@type":"EntryPoint","urlTemplate":"https:\/\/energieencorps.com\/?s={search_term_string}"},"query-input":{"@type":"PropertyValueSpecification","valueRequired":true,"valueName":"search_term_string"}}],"inLanguage":"fr-CA"},{"@type":"Organization","@id":"https:\/\/energieencorps.com\/#organization","name":"Energie Encorps","url":"https:\/\/energieencorps.com\/","logo":{"@type":"ImageObject","inLanguage":"fr-CA","@id":"https:\/\/energieencorps.com\/#\/schema\/logo\/image\/","url":"https:\/\/energieencorps.com\/wp-content\/uploads\/2021\/06\/Default-Image.png","contentUrl":"https:\/\/energieencorps.com\/wp-content\/uploads\/2021\/06\/Default-Image.png","width":1200,"height":700,"caption":"Energie Encorps"},"image":{"@id":"https:\/\/energieencorps.com\/#\/schema\/logo\/image\/"}}]}},"_links":{"self":[{"href":"https:\/\/energieencorps.com\/fr\/wp-json\/wp\/v2\/pages\/348","targetHints":{"allow":["GET"]}}],"collection":[{"href":"https:\/\/energieencorps.com\/fr\/wp-json\/wp\/v2\/pages"}],"about":[{"href":"https:\/\/energieencorps.com\/fr\/wp-json\/wp\/v2\/types\/page"}],"author":[{"embeddable":true,"href":"https:\/\/energieencorps.com\/fr\/wp-json\/wp\/v2\/users\/5"}],"replies":[{"embeddable":true,"href":"https:\/\/energieencorps.com\/fr\/wp-json\/wp\/v2\/comments?post=348"}],"version-history":[{"count":80,"href":"https:\/\/energieencorps.com\/fr\/wp-json\/wp\/v2\/pages\/348\/revisions"}],"predecessor-version":[{"id":18362,"href":"https:\/\/energieencorps.com\/fr\/wp-json\/wp\/v2\/pages\/348\/revisions\/18362"}],"up":[{"embeddable":true,"href":"https:\/\/energieencorps.com\/fr\/wp-json\/wp\/v2\/pages\/260"}],"wp:featuredmedia":[{"embeddable":true,"href":"https:\/\/energieencorps.com\/fr\/wp-json\/wp\/v2\/media\/11545"}],"wp:attachment":[{"href":"https:\/\/energieencorps.com\/fr\/wp-json\/wp\/v2\/media?parent=348"}],"curies":[{"name":"wp","href":"https:\/\/api.w.org\/{rel}","templated":true}]}}