{"id":324,"date":"2021-02-03T15:30:33","date_gmt":"2021-02-03T15:30:33","guid":{"rendered":"https:\/\/energieencorps.ca\/?page_id=324"},"modified":"2025-12-30T22:31:37","modified_gmt":"2025-12-31T03:31:37","slug":"sign-up","status":"publish","type":"page","link":"https:\/\/energieencorps.com\/fr\/energieencor-classes-yoga\/sign-up\/","title":{"rendered":"R\u00e9server des cours"},"content":{"rendered":"<div data-elementor-type=\"wp-page\" data-elementor-id=\"324\" class=\"elementor elementor-324\" data-elementor-post-type=\"page\">\n\t\t\t\t\t\t<section class=\"elementor-section elementor-top-section elementor-element elementor-element-734306ac elementor-section-boxed elementor-section-height-default elementor-section-height-default\" data-id=\"734306ac\" data-element_type=\"section\" data-settings=\"{&quot;background_background&quot;:&quot;classic&quot;}\">\n\t\t\t\t\t\t<div class=\"elementor-container elementor-column-gap-default\">\n\t\t\t\t\t<div class=\"elementor-column elementor-col-33 elementor-top-column elementor-element elementor-element-5d7300d7\" data-id=\"5d7300d7\" data-element_type=\"column\">\n\t\t\t<div class=\"elementor-widget-wrap\">\n\t\t\t\t\t\t\t<\/div>\n\t\t<\/div>\n\t\t\t\t<div class=\"elementor-column elementor-col-33 elementor-top-column elementor-element elementor-element-7cfe57eb\" data-id=\"7cfe57eb\" data-element_type=\"column\">\n\t\t\t<div class=\"elementor-widget-wrap elementor-element-populated\">\n\t\t\t\t\t\t<div class=\"elementor-element elementor-element-2fd902f2 elementor-widget elementor-widget-heading\" data-id=\"2fd902f2\" data-element_type=\"widget\" data-widget_type=\"heading.default\">\n\t\t\t\t<div class=\"elementor-widget-container\">\n\t\t\t\t\t<h1 class=\"elementor-heading-title elementor-size-default\">R\u00e9server un cours<\/h1>\t\t\t\t<\/div>\n\t\t\t\t<\/div>\n\t\t\t\t\t<\/div>\n\t\t<\/div>\n\t\t\t\t<div class=\"elementor-column elementor-col-33 elementor-top-column elementor-element elementor-element-482d28ec\" data-id=\"482d28ec\" data-element_type=\"column\">\n\t\t\t<div class=\"elementor-widget-wrap\">\n\t\t\t\t\t\t\t<\/div>\n\t\t<\/div>\n\t\t\t\t\t<\/div>\n\t\t<\/section>\n\t\t\t\t<section class=\"elementor-section elementor-top-section elementor-element elementor-element-e8dd332 elementor-section-boxed elementor-section-height-default elementor-section-height-default\" data-id=\"e8dd332\" data-element_type=\"section\">\n\t\t\t\t\t\t<div class=\"elementor-container elementor-column-gap-default\">\n\t\t\t\t\t<div class=\"elementor-column elementor-col-100 elementor-top-column elementor-element elementor-element-2b7c900\" data-id=\"2b7c900\" data-element_type=\"column\">\n\t\t\t<div class=\"elementor-widget-wrap elementor-element-populated\">\n\t\t\t\t\t\t<div class=\"elementor-element elementor-element-161251f elementor-widget elementor-widget-spacer\" data-id=\"161251f\" data-element_type=\"widget\" data-widget_type=\"spacer.default\">\n\t\t\t\t<div class=\"elementor-widget-container\">\n\t\t\t\t\t\t\t<div class=\"elementor-spacer\">\n\t\t\t<div class=\"elementor-spacer-inner\"><\/div>\n\t\t<\/div>\n\t\t\t\t\t\t<\/div>\n\t\t\t\t<\/div>\n\t\t\t\t<div class=\"elementor-element elementor-element-494b02b elementor-widget elementor-widget-text-editor\" data-id=\"494b02b\" data-element_type=\"widget\" data-widget_type=\"text-editor.default\">\n\t\t\t\t<div class=\"elementor-widget-container\">\n\t\t\t\t\t\t\t\t\t<p><strong data-start=\"275\" data-end=\"288\">Politique d\u2019inscription et d\u2019annulation des cours :<\/strong> Les cours doivent \u00eatre r\u00e9serv\u00e9s <strong data-start=\"312\" data-end=\"334\">au moins 3 heures \u00e0 l\u2019avance<\/strong>Les cours comptant moins de 3 inscriptions seront annul\u00e9s.<\/p>\n<p>Les annulations tardives ou les absences peuvent entra\u00eener des <strong data-start=\"383\" data-end=\"393\" data-is-only-node=\"\">frais de 5 $<\/strong> ou les <strong data-start=\"401\" data-end=\"422\">ou la perte d\u2019un cours<\/strong>, selon votre option tarifaire.&nbsp;<strong>&nbsp;<\/strong><\/p>\n<p><b>Cours de yoga virtuels : <\/b>Les liens Zoom seront envoy\u00e9s automatiquement par courriel lors de l\u2019inscription.&nbsp;<\/p>\t\t\t\t\t\t\t\t<\/div>\n\t\t\t\t<\/div>\n\t\t\t\t<div class=\"elementor-element elementor-element-c6db680 elementor-widget elementor-widget-shortcode\" data-id=\"c6db680\" data-element_type=\"widget\" data-widget_type=\"shortcode.default\">\n\t\t\t\t<div class=\"elementor-widget-container\">\n\t\t\t\t\t\t\t<div class=\"elementor-shortcode\"><script src=\"https:\/\/widgets.mindbodyonline.com\/javascripts\/healcode.js\" type=\"text\/javascript\"><\/script>\r\n\r\n<healcode-widget data-type=\"schedules\" data-widget-partner=\"object\" data-widget-id=\"3f155291cf08\" data-widget-version=\"1\" ><\/healcode-widget><\/div>\n\t\t\t\t\t\t<\/div>\n\t\t\t\t<\/div>\n\t\t\t\t\t<\/div>\n\t\t<\/div>\n\t\t\t\t\t<\/div>\n\t\t<\/section>\n\t\t\t\t<section class=\"elementor-section elementor-top-section elementor-element elementor-element-99a1dd2 elementor-section-boxed elementor-section-height-default elementor-section-height-default\" data-id=\"99a1dd2\" data-element_type=\"section\">\n\t\t\t\t\t\t<div class=\"elementor-container elementor-column-gap-default\">\n\t\t\t\t\t<div class=\"elementor-column elementor-col-100 elementor-top-column elementor-element elementor-element-262cb88\" data-id=\"262cb88\" data-element_type=\"column\">\n\t\t\t<div class=\"elementor-widget-wrap elementor-element-populated\">\n\t\t\t\t\t\t\t<\/div>\n\t\t<\/div>\n\t\t\t\t\t<\/div>\n\t\t<\/section>\n\t\t\t\t<\/div>","protected":false},"excerpt":{"rendered":"<p>Book a Class Class Booking and Cancellation Policy: Classes must be booked 3 hours in advance.&nbsp; Classes with less than 3 sign ups will be cancelled. Late cancellations or no-shows may result in a $5 fee or the loss of one class, depending on your pricing option.&nbsp;&nbsp; Virtual Yoga Classes: Zoom links will be received [&hellip;]<\/p>","protected":false},"author":5,"featured_media":11547,"parent":256,"menu_order":4,"comment_status":"closed","ping_status":"closed","template":"elementor_header_footer","meta":{"footnotes":""},"class_list":["post-324","page","type-page","status-publish","has-post-thumbnail","hentry"],"yoast_head":"<!-- This site is optimized with the Yoast SEO plugin v26.0 - https:\/\/yoast.com\/wordpress\/plugins\/seo\/ -->\n<title>Book Yoga and Fitness Classes West Island<\/title>\n<meta name=\"description\" content=\"Book Here: Yoga, Zumba, Pilates, Barre, and Fitness classes for all levels in the West Island. Experienced and professional teachers!\" \/>\n<meta name=\"robots\" content=\"index, follow, max-snippet:-1, max-image-preview:large, max-video-preview:-1\" \/>\n<link rel=\"canonical\" href=\"https:\/\/energieencorps.com\/fr\/energieencor-classes-yoga\/sign-up\/\" \/>\n<meta property=\"og:locale\" content=\"fr_CA\" \/>\n<meta property=\"og:type\" content=\"article\" \/>\n<meta property=\"og:title\" content=\"Book Yoga and Fitness Classes West Island\" \/>\n<meta property=\"og:description\" content=\"Book Here: Yoga, Zumba, Pilates, Barre, and Fitness classes for all levels in the West Island. Experienced and professional teachers!\" \/>\n<meta property=\"og:url\" content=\"https:\/\/energieencorps.com\/fr\/energieencor-classes-yoga\/sign-up\/\" \/>\n<meta property=\"og:site_name\" content=\"Energie EnCorps\" \/>\n<meta property=\"article:modified_time\" content=\"2025-12-31T03:31:37+00:00\" \/>\n<meta property=\"og:image\" content=\"https:\/\/energieencorps.com\/wp-content\/uploads\/2023\/06\/Screen-Shot-2023-06-22-at-6.56.25-PM.png\" \/>\n\t<meta property=\"og:image:width\" content=\"930\" \/>\n\t<meta property=\"og:image:height\" content=\"924\" \/>\n\t<meta property=\"og:image:type\" content=\"image\/png\" \/>\n<meta name=\"twitter:card\" content=\"summary_large_image\" \/>\n<meta name=\"twitter:label1\" content=\"Estimation du temps de lecture\" \/>\n\t<meta name=\"twitter:data1\" content=\"1 minute\" \/>\n<script type=\"application\/ld+json\" class=\"yoast-schema-graph\">{\"@context\":\"https:\/\/schema.org\",\"@graph\":[{\"@type\":\"WebPage\",\"@id\":\"https:\/\/energieencorps.com\/energieencor-classes-yoga\/sign-up\/\",\"url\":\"https:\/\/energieencorps.com\/energieencor-classes-yoga\/sign-up\/\",\"name\":\"Book Yoga and Fitness Classes West Island\",\"isPartOf\":{\"@id\":\"https:\/\/energieencorps.com\/#website\"},\"primaryImageOfPage\":{\"@id\":\"https:\/\/energieencorps.com\/energieencor-classes-yoga\/sign-up\/#primaryimage\"},\"image\":{\"@id\":\"https:\/\/energieencorps.com\/energieencor-classes-yoga\/sign-up\/#primaryimage\"},\"thumbnailUrl\":\"https:\/\/energieencorps.com\/wp-content\/uploads\/2023\/06\/Screen-Shot-2023-06-22-at-6.56.25-PM.png\",\"datePublished\":\"2021-02-03T15:30:33+00:00\",\"dateModified\":\"2025-12-31T03:31:37+00:00\",\"description\":\"Book Here: Yoga, Zumba, Pilates, Barre, and Fitness classes for all levels in the West Island. Experienced and professional teachers!\",\"breadcrumb\":{\"@id\":\"https:\/\/energieencorps.com\/energieencor-classes-yoga\/sign-up\/#breadcrumb\"},\"inLanguage\":\"fr-CA\",\"potentialAction\":[{\"@type\":\"ReadAction\",\"target\":[\"https:\/\/energieencorps.com\/energieencor-classes-yoga\/sign-up\/\"]}]},{\"@type\":\"ImageObject\",\"inLanguage\":\"fr-CA\",\"@id\":\"https:\/\/energieencorps.com\/energieencor-classes-yoga\/sign-up\/#primaryimage\",\"url\":\"https:\/\/energieencorps.com\/wp-content\/uploads\/2023\/06\/Screen-Shot-2023-06-22-at-6.56.25-PM.png\",\"contentUrl\":\"https:\/\/energieencorps.com\/wp-content\/uploads\/2023\/06\/Screen-Shot-2023-06-22-at-6.56.25-PM.png\",\"width\":930,\"height\":924,\"caption\":\"Yoga Wild Thing\"},{\"@type\":\"BreadcrumbList\",\"@id\":\"https:\/\/energieencorps.com\/energieencor-classes-yoga\/sign-up\/#breadcrumb\",\"itemListElement\":[{\"@type\":\"ListItem\",\"position\":1,\"name\":\"Home\",\"item\":\"https:\/\/energieencorps.com\/\"},{\"@type\":\"ListItem\",\"position\":2,\"name\":\"Yoga classes\",\"item\":\"https:\/\/energieencorps.com\/energieencor-classes-yoga\/\"},{\"@type\":\"ListItem\",\"position\":3,\"name\":\"Book Classes\"}]},{\"@type\":\"WebSite\",\"@id\":\"https:\/\/energieencorps.com\/#website\",\"url\":\"https:\/\/energieencorps.com\/\",\"name\":\"Energie EnCorps\",\"description\":\"Helping you shine\",\"publisher\":{\"@id\":\"https:\/\/energieencorps.com\/#organization\"},\"potentialAction\":[{\"@type\":\"SearchAction\",\"target\":{\"@type\":\"EntryPoint\",\"urlTemplate\":\"https:\/\/energieencorps.com\/?s={search_term_string}\"},\"query-input\":{\"@type\":\"PropertyValueSpecification\",\"valueRequired\":true,\"valueName\":\"search_term_string\"}}],\"inLanguage\":\"fr-CA\"},{\"@type\":\"Organization\",\"@id\":\"https:\/\/energieencorps.com\/#organization\",\"name\":\"Energie Encorps\",\"url\":\"https:\/\/energieencorps.com\/\",\"logo\":{\"@type\":\"ImageObject\",\"inLanguage\":\"fr-CA\",\"@id\":\"https:\/\/energieencorps.com\/#\/schema\/logo\/image\/\",\"url\":\"https:\/\/energieencorps.com\/wp-content\/uploads\/2021\/06\/Default-Image.png\",\"contentUrl\":\"https:\/\/energieencorps.com\/wp-content\/uploads\/2021\/06\/Default-Image.png\",\"width\":1200,\"height\":700,\"caption\":\"Energie Encorps\"},\"image\":{\"@id\":\"https:\/\/energieencorps.com\/#\/schema\/logo\/image\/\"}}]}<\/script>\n<!-- \/ Yoast SEO plugin. -->","yoast_head_json":{"title":"Book Yoga and Fitness Classes West Island","description":"Book Here: Yoga, Zumba, Pilates, Barre, and Fitness classes for all levels in the West Island. Experienced and professional teachers!","robots":{"index":"index","follow":"follow","max-snippet":"max-snippet:-1","max-image-preview":"max-image-preview:large","max-video-preview":"max-video-preview:-1"},"canonical":"https:\/\/energieencorps.com\/fr\/energieencor-classes-yoga\/sign-up\/","og_locale":"fr_CA","og_type":"article","og_title":"Book Yoga and Fitness Classes West Island","og_description":"Book Here: Yoga, Zumba, Pilates, Barre, and Fitness classes for all levels in the West Island. Experienced and professional teachers!","og_url":"https:\/\/energieencorps.com\/fr\/energieencor-classes-yoga\/sign-up\/","og_site_name":"Energie EnCorps","article_modified_time":"2025-12-31T03:31:37+00:00","og_image":[{"width":930,"height":924,"url":"https:\/\/energieencorps.com\/wp-content\/uploads\/2023\/06\/Screen-Shot-2023-06-22-at-6.56.25-PM.png","type":"image\/png"}],"twitter_card":"summary_large_image","twitter_misc":{"Estimation du temps de lecture":"1 minute"},"schema":{"@context":"https:\/\/schema.org","@graph":[{"@type":"WebPage","@id":"https:\/\/energieencorps.com\/energieencor-classes-yoga\/sign-up\/","url":"https:\/\/energieencorps.com\/energieencor-classes-yoga\/sign-up\/","name":"Book Yoga and Fitness Classes West Island","isPartOf":{"@id":"https:\/\/energieencorps.com\/#website"},"primaryImageOfPage":{"@id":"https:\/\/energieencorps.com\/energieencor-classes-yoga\/sign-up\/#primaryimage"},"image":{"@id":"https:\/\/energieencorps.com\/energieencor-classes-yoga\/sign-up\/#primaryimage"},"thumbnailUrl":"https:\/\/energieencorps.com\/wp-content\/uploads\/2023\/06\/Screen-Shot-2023-06-22-at-6.56.25-PM.png","datePublished":"2021-02-03T15:30:33+00:00","dateModified":"2025-12-31T03:31:37+00:00","description":"Book Here: Yoga, Zumba, Pilates, Barre, and Fitness classes for all levels in the West Island. Experienced and professional teachers!","breadcrumb":{"@id":"https:\/\/energieencorps.com\/energieencor-classes-yoga\/sign-up\/#breadcrumb"},"inLanguage":"fr-CA","potentialAction":[{"@type":"ReadAction","target":["https:\/\/energieencorps.com\/energieencor-classes-yoga\/sign-up\/"]}]},{"@type":"ImageObject","inLanguage":"fr-CA","@id":"https:\/\/energieencorps.com\/energieencor-classes-yoga\/sign-up\/#primaryimage","url":"https:\/\/energieencorps.com\/wp-content\/uploads\/2023\/06\/Screen-Shot-2023-06-22-at-6.56.25-PM.png","contentUrl":"https:\/\/energieencorps.com\/wp-content\/uploads\/2023\/06\/Screen-Shot-2023-06-22-at-6.56.25-PM.png","width":930,"height":924,"caption":"Yoga Wild Thing"},{"@type":"BreadcrumbList","@id":"https:\/\/energieencorps.com\/energieencor-classes-yoga\/sign-up\/#breadcrumb","itemListElement":[{"@type":"ListItem","position":1,"name":"Home","item":"https:\/\/energieencorps.com\/"},{"@type":"ListItem","position":2,"name":"Yoga classes","item":"https:\/\/energieencorps.com\/energieencor-classes-yoga\/"},{"@type":"ListItem","position":3,"name":"Book Classes"}]},{"@type":"WebSite","@id":"https:\/\/energieencorps.com\/#website","url":"https:\/\/energieencorps.com\/","name":"Energie EnCorps","description":"Helping you shine","publisher":{"@id":"https:\/\/energieencorps.com\/#organization"},"potentialAction":[{"@type":"SearchAction","target":{"@type":"EntryPoint","urlTemplate":"https:\/\/energieencorps.com\/?s={search_term_string}"},"query-input":{"@type":"PropertyValueSpecification","valueRequired":true,"valueName":"search_term_string"}}],"inLanguage":"fr-CA"},{"@type":"Organization","@id":"https:\/\/energieencorps.com\/#organization","name":"Energie Encorps","url":"https:\/\/energieencorps.com\/","logo":{"@type":"ImageObject","inLanguage":"fr-CA","@id":"https:\/\/energieencorps.com\/#\/schema\/logo\/image\/","url":"https:\/\/energieencorps.com\/wp-content\/uploads\/2021\/06\/Default-Image.png","contentUrl":"https:\/\/energieencorps.com\/wp-content\/uploads\/2021\/06\/Default-Image.png","width":1200,"height":700,"caption":"Energie Encorps"},"image":{"@id":"https:\/\/energieencorps.com\/#\/schema\/logo\/image\/"}}]}},"_links":{"self":[{"href":"https:\/\/energieencorps.com\/fr\/wp-json\/wp\/v2\/pages\/324","targetHints":{"allow":["GET"]}}],"collection":[{"href":"https:\/\/energieencorps.com\/fr\/wp-json\/wp\/v2\/pages"}],"about":[{"href":"https:\/\/energieencorps.com\/fr\/wp-json\/wp\/v2\/types\/page"}],"author":[{"embeddable":true,"href":"https:\/\/energieencorps.com\/fr\/wp-json\/wp\/v2\/users\/5"}],"replies":[{"embeddable":true,"href":"https:\/\/energieencorps.com\/fr\/wp-json\/wp\/v2\/comments?post=324"}],"version-history":[{"count":26,"href":"https:\/\/energieencorps.com\/fr\/wp-json\/wp\/v2\/pages\/324\/revisions"}],"predecessor-version":[{"id":19192,"href":"https:\/\/energieencorps.com\/fr\/wp-json\/wp\/v2\/pages\/324\/revisions\/19192"}],"up":[{"embeddable":true,"href":"https:\/\/energieencorps.com\/fr\/wp-json\/wp\/v2\/pages\/256"}],"wp:featuredmedia":[{"embeddable":true,"href":"https:\/\/energieencorps.com\/fr\/wp-json\/wp\/v2\/media\/11547"}],"wp:attachment":[{"href":"https:\/\/energieencorps.com\/fr\/wp-json\/wp\/v2\/media?parent=324"}],"curies":[{"name":"wp","href":"https:\/\/api.w.org\/{rel}","templated":true}]}}