{"id":317,"date":"2021-02-03T15:28:57","date_gmt":"2021-02-03T20:28:57","guid":{"rendered":"https:\/\/energieencorps.ca\/?page_id=317"},"modified":"2026-03-14T09:07:37","modified_gmt":"2026-03-14T13:07:37","slug":"class-schedule","status":"publish","type":"page","link":"https:\/\/energieencorps.com\/fr\/energieencor-classes-yoga\/class-schedule\/","title":{"rendered":"Horaire"},"content":{"rendered":"<div data-elementor-type=\"wp-page\" data-elementor-id=\"317\" class=\"elementor elementor-317\" data-elementor-post-type=\"page\">\n\t\t\t\t\t\t<section class=\"elementor-section elementor-top-section elementor-element elementor-element-593f40f2 elementor-section-boxed elementor-section-height-default elementor-section-height-default\" data-id=\"593f40f2\" data-element_type=\"section\" data-settings=\"{&quot;background_background&quot;:&quot;classic&quot;}\">\n\t\t\t\t\t\t<div class=\"elementor-container elementor-column-gap-default\">\n\t\t\t\t\t<div class=\"elementor-column elementor-col-33 elementor-top-column elementor-element elementor-element-67db5d27\" data-id=\"67db5d27\" data-element_type=\"column\">\n\t\t\t<div class=\"elementor-widget-wrap\">\n\t\t\t\t\t\t\t<\/div>\n\t\t<\/div>\n\t\t\t\t<div class=\"elementor-column elementor-col-33 elementor-top-column elementor-element elementor-element-e3ccc85\" data-id=\"e3ccc85\" data-element_type=\"column\">\n\t\t\t<div class=\"elementor-widget-wrap elementor-element-populated\">\n\t\t\t\t\t\t<div class=\"elementor-element elementor-element-6168f960 elementor-widget elementor-widget-heading\" data-id=\"6168f960\" data-element_type=\"widget\" data-widget_type=\"heading.default\">\n\t\t\t\t<div class=\"elementor-widget-container\">\n\t\t\t\t\t<h1 class=\"elementor-heading-title elementor-size-default\">Horaire<\/h1>\t\t\t\t<\/div>\n\t\t\t\t<\/div>\n\t\t\t\t\t<\/div>\n\t\t<\/div>\n\t\t\t\t<div class=\"elementor-column elementor-col-33 elementor-top-column elementor-element elementor-element-139e372b\" data-id=\"139e372b\" data-element_type=\"column\">\n\t\t\t<div class=\"elementor-widget-wrap\">\n\t\t\t\t\t\t\t<\/div>\n\t\t<\/div>\n\t\t\t\t\t<\/div>\n\t\t<\/section>\n\t\t\t\t<section class=\"elementor-section elementor-top-section elementor-element elementor-element-94afdb0 elementor-section-boxed elementor-section-height-default elementor-section-height-default\" data-id=\"94afdb0\" data-element_type=\"section\">\n\t\t\t\t\t\t<div class=\"elementor-container elementor-column-gap-default\">\n\t\t\t\t\t<div class=\"elementor-column elementor-col-100 elementor-top-column elementor-element elementor-element-caf5d01\" data-id=\"caf5d01\" data-element_type=\"column\">\n\t\t\t<div class=\"elementor-widget-wrap elementor-element-populated\">\n\t\t\t\t\t\t<div class=\"elementor-element elementor-element-e2e22af elementor-widget elementor-widget-text-editor\" data-id=\"e2e22af\" data-element_type=\"widget\" data-widget_type=\"text-editor.default\">\n\t\t\t\t<div class=\"elementor-widget-container\">\n\t\t\t\t\t\t\t\t\t<p>L'horaire est sujet \u00e0 changer \u00e0 tout moment.<\/p>\t\t\t\t\t\t\t\t<\/div>\n\t\t\t\t<\/div>\n\t\t\t\t<div class=\"elementor-element elementor-element-da6c1ad elementor-widget elementor-widget-image\" data-id=\"da6c1ad\" data-element_type=\"widget\" data-widget_type=\"image.default\">\n\t\t\t\t<div class=\"elementor-widget-container\">\n\t\t\t\t\t\t\t\t\t\t\t\t\t\t\t<img fetchpriority=\"high\" decoding=\"async\" width=\"800\" height=\"618\" src=\"https:\/\/energieencorps.com\/wp-content\/uploads\/2026\/03\/NEW-Mar-2026-1024x791.png\" class=\"attachment-large size-large wp-image-19812\" alt=\"NEW Mar 2026\" srcset=\"https:\/\/energieencorps.com\/wp-content\/uploads\/2026\/03\/NEW-Mar-2026-1024x791.png 1024w, https:\/\/energieencorps.com\/wp-content\/uploads\/2026\/03\/NEW-Mar-2026-300x232.png 300w, https:\/\/energieencorps.com\/wp-content\/uploads\/2026\/03\/NEW-Mar-2026-768x593.png 768w, https:\/\/energieencorps.com\/wp-content\/uploads\/2026\/03\/NEW-Mar-2026-1536x1187.png 1536w, https:\/\/energieencorps.com\/wp-content\/uploads\/2026\/03\/NEW-Mar-2026-16x12.png 16w, https:\/\/energieencorps.com\/wp-content\/uploads\/2026\/03\/NEW-Mar-2026.png 2000w\" sizes=\"(max-width: 800px) 100vw, 800px\" \/>\t\t\t\t\t\t\t\t\t\t\t\t\t\t\t<\/div>\n\t\t\t\t<\/div>\n\t\t\t\t<div class=\"elementor-element elementor-element-03c5b07 elementor-widget elementor-widget-text-editor\" data-id=\"03c5b07\" data-element_type=\"widget\" data-widget_type=\"text-editor.default\">\n\t\t\t\t<div class=\"elementor-widget-container\">\n\t\t\t\t\t\t\t\t\t<p data-start=\"56\" data-end=\"273\"><strong data-start=\"275\" data-end=\"288\">Politique d\u2019inscription et d\u2019annulation des cours :<\/strong> Les cours doivent \u00eatre r\u00e9serv\u00e9s <strong data-start=\"312\" data-end=\"334\">au moins 3 heures \u00e0 l\u2019avance<\/strong>. Late cancellations or no-shows may result in a <strong data-start=\"383\" data-end=\"393\" data-is-only-node=\"\">frais de 5 $<\/strong> ou les <strong data-start=\"401\" data-end=\"422\">ou la perte d\u2019un cours<\/strong>, selon votre option tarifaire.&nbsp;<strong>&nbsp;<\/strong><a href=\"https:\/\/energieencorps.com\/fr\/energieencor-classes-yoga\/virtual-classes\/\" target=\"_blank\"><b>Cours de yoga virtuels :<\/b>&nbsp;&nbsp;<\/a>Les liens Zoom seront envoy\u00e9s automatiquement par courriel lors de l\u2019inscription.&nbsp;<\/p>\n<p data-start=\"56\" data-end=\"273\"><strong data-start=\"56\" data-end=\"94\">Important Message (Dec. 31, 2025):&nbsp;<\/strong>New weekend classes added: <strong data-start=\"124\" data-end=\"155\" data-is-only-node=\"\">Essentrics (Sat 11:00 a.m.)<\/strong> et <strong data-start=\"160\" data-end=\"188\">Pilates (Sun 10:30 a.m.)<\/strong>. These classes may occasionally be cancelled due to yoga teacher training schedules.<\/p>\n<p data-start=\"275\" data-end=\"457\" data-is-last-node=\"\" data-is-only-node=\"\">\n<\/p>\t\t\t\t\t\t\t\t<\/div>\n\t\t\t\t<\/div>\n\t\t\t\t<div class=\"elementor-element elementor-element-f32989a elementor-align-center elementor-mobile-align-center elementor-widget elementor-widget-button\" data-id=\"f32989a\" data-element_type=\"widget\" data-widget_type=\"button.default\">\n\t\t\t\t<div class=\"elementor-widget-container\">\n\t\t\t\t\t\t\t\t\t<div class=\"elementor-button-wrapper\">\n\t\t\t\t\t<a class=\"elementor-button elementor-button-link elementor-size-sm\" href=\"https:\/\/energieencorps.com\/fr\/energieencor-classes-yoga\/sign-up\/\">\n\t\t\t\t\t\t<span class=\"elementor-button-content-wrapper\">\n\t\t\t\t\t\t\t\t\t<span class=\"elementor-button-text\">R\u00e9server un cours <\/span>\n\t\t\t\t\t<\/span>\n\t\t\t\t\t<\/a>\n\t\t\t\t<\/div>\n\t\t\t\t\t\t\t\t<\/div>\n\t\t\t\t<\/div>\n\t\t\t\t\t<\/div>\n\t\t<\/div>\n\t\t\t\t\t<\/div>\n\t\t<\/section>\n\t\t\t\t<section class=\"elementor-section elementor-top-section elementor-element elementor-element-09615da elementor-section-content-middle elementor-section-boxed elementor-section-height-default elementor-section-height-default\" data-id=\"09615da\" data-element_type=\"section\" data-settings=\"{&quot;background_background&quot;:&quot;classic&quot;}\">\n\t\t\t\t\t\t<div class=\"elementor-container elementor-column-gap-default\">\n\t\t\t\t\t<div class=\"elementor-column elementor-col-50 elementor-top-column elementor-element elementor-element-714bc61\" data-id=\"714bc61\" data-element_type=\"column\">\n\t\t\t<div class=\"elementor-widget-wrap elementor-element-populated\">\n\t\t\t\t\t\t<div class=\"elementor-element elementor-element-65fdf42 elementor-widget elementor-widget-image\" data-id=\"65fdf42\" data-element_type=\"widget\" data-widget_type=\"image.default\">\n\t\t\t\t<div class=\"elementor-widget-container\">\n\t\t\t\t\t\t\t\t\t\t\t\t\t\t\t<img decoding=\"async\" width=\"800\" height=\"800\" src=\"https:\/\/energieencorps.com\/wp-content\/uploads\/2022\/03\/42-1024x1024.jpg\" class=\"attachment-large size-large wp-image-6745\" alt=\"\" srcset=\"https:\/\/energieencorps.com\/wp-content\/uploads\/2022\/03\/42-1024x1024.jpg 1024w, https:\/\/energieencorps.com\/wp-content\/uploads\/2022\/03\/42-300x300.jpg 300w, https:\/\/energieencorps.com\/wp-content\/uploads\/2022\/03\/42-150x150.jpg 150w, https:\/\/energieencorps.com\/wp-content\/uploads\/2022\/03\/42-768x768.jpg 768w, https:\/\/energieencorps.com\/wp-content\/uploads\/2022\/03\/42-12x12.jpg 12w, https:\/\/energieencorps.com\/wp-content\/uploads\/2022\/03\/42.jpg 1500w\" sizes=\"(max-width: 800px) 100vw, 800px\" \/>\t\t\t\t\t\t\t\t\t\t\t\t\t\t\t<\/div>\n\t\t\t\t<\/div>\n\t\t\t\t\t<\/div>\n\t\t<\/div>\n\t\t\t\t<div class=\"elementor-column elementor-col-50 elementor-top-column elementor-element elementor-element-69c5b81\" data-id=\"69c5b81\" data-element_type=\"column\">\n\t\t\t<div class=\"elementor-widget-wrap elementor-element-populated\">\n\t\t\t\t\t\t<div class=\"elementor-element elementor-element-43d6ea4 elementor-widget__width-auto elementor-widget elementor-widget-heading\" data-id=\"43d6ea4\" data-element_type=\"widget\" data-widget_type=\"heading.default\">\n\t\t\t\t<div class=\"elementor-widget-container\">\n\t\t\t\t\t<span class=\"elementor-heading-title elementor-size-default\">Des cours pour tous et toutes!<\/span>\t\t\t\t<\/div>\n\t\t\t\t<\/div>\n\t\t\t\t<div class=\"elementor-element elementor-element-7ab166a elementor-widget elementor-widget-heading\" data-id=\"7ab166a\" data-element_type=\"widget\" data-widget_type=\"heading.default\">\n\t\t\t\t<div class=\"elementor-widget-container\">\n\t\t\t\t\t<h2 class=\"elementor-heading-title elementor-size-default\">Nous avons quelque chose pour tout le monde !<\/h2>\t\t\t\t<\/div>\n\t\t\t\t<\/div>\n\t\t\t\t<div class=\"elementor-element elementor-element-1788868 elementor-widget elementor-widget-text-editor\" data-id=\"1788868\" data-element_type=\"widget\" data-widget_type=\"text-editor.default\">\n\t\t\t\t<div class=\"elementor-widget-container\">\n\t\t\t\t\t\t\t\t\t<p data-start=\"169\" data-end=\"464\">\u00c0 <strong data-start=\"172\" data-end=\"216\">\u00c9nergie EnCorps<\/strong>, nous offrons une large gamme de cours de mouvement afin de soutenir diff\u00e9rents corps, besoins et \u00e9tapes de la vie. Notre horaire comprend des cours de yoga de diff\u00e9rents styles, du Pilates, de la Zumba, de l\u2019Essentrics, du Barre, ainsi que des cours de renforcement, de conditionnement et d\u2019autres activit\u00e9s de mise en forme.<\/p><p data-start=\"466\" data-end=\"769\">Tous les cours sont enseign\u00e9s dans une approche <strong data-start=\"494\" data-end=\"516\">multiniveau<\/strong>Nos enseignants proposent des options et des variations afin que vous puissiez pratiquer \u00e0 une intensit\u00e9 adapt\u00e9e \u00e0 votre corps, selon vos besoins du moment. Que vous soyez nouveau dans le mouvement, de retour apr\u00e8s une pause ou que vous souhaitiez approfondir votre pratique, il y a de la place pour vous ici.<\/p><p data-start=\"771\" data-end=\"887\">Nous croyons \u00e0 l\u2019importance de rencontrer les gens l\u00e0 o\u00f9 ils sont et de cr\u00e9er un environnement accessible, soutenant et authentique.<\/p>\t\t\t\t\t\t\t\t<\/div>\n\t\t\t\t<\/div>\n\t\t\t\t\t<\/div>\n\t\t<\/div>\n\t\t\t\t\t<\/div>\n\t\t<\/section>\n\t\t\t\t<section class=\"elementor-section elementor-top-section elementor-element elementor-element-fbb9369 elementor-section-boxed elementor-section-height-default elementor-section-height-default\" data-id=\"fbb9369\" data-element_type=\"section\">\n\t\t\t\t\t\t<div class=\"elementor-container elementor-column-gap-default\">\n\t\t\t\t\t<div class=\"elementor-column elementor-col-100 elementor-top-column elementor-element elementor-element-428d895\" data-id=\"428d895\" data-element_type=\"column\">\n\t\t\t<div class=\"elementor-widget-wrap elementor-element-populated\">\n\t\t\t\t\t\t<section class=\"elementor-section elementor-inner-section elementor-element elementor-element-af9bbe7 elementor-section-boxed elementor-section-height-default elementor-section-height-default\" data-id=\"af9bbe7\" data-element_type=\"section\">\n\t\t\t\t\t\t<div class=\"elementor-container elementor-column-gap-default\">\n\t\t\t\t\t<div class=\"elementor-column elementor-col-50 elementor-inner-column elementor-element elementor-element-2086d8b\" data-id=\"2086d8b\" data-element_type=\"column\">\n\t\t\t<div class=\"elementor-widget-wrap\">\n\t\t\t\t\t\t\t<\/div>\n\t\t<\/div>\n\t\t\t\t<div class=\"elementor-column elementor-col-50 elementor-inner-column elementor-element elementor-element-9b1cfde\" data-id=\"9b1cfde\" data-element_type=\"column\">\n\t\t\t<div class=\"elementor-widget-wrap\">\n\t\t\t\t\t\t\t<\/div>\n\t\t<\/div>\n\t\t\t\t\t<\/div>\n\t\t<\/section>\n\t\t\t\t\t<\/div>\n\t\t<\/div>\n\t\t\t\t\t<\/div>\n\t\t<\/section>\n\t\t\t\t<\/div>","protected":false},"excerpt":{"rendered":"<p>Schedule Disclaimer:\u00a0 This schedule is subject to change. Class Booking and Cancellation Policy: Classes must be booked 3 hours in advance. Late cancellations or no-shows may result in a $5 fee or the loss of one class, depending on your pricing option.&nbsp;&nbsp;Virtual Yoga Classes:&nbsp;&nbsp;Zoom links will be received automatically by email upon registration.&nbsp; Important Message [&hellip;]<\/p>","protected":false},"author":5,"featured_media":13289,"parent":256,"menu_order":2,"comment_status":"closed","ping_status":"closed","template":"elementor_header_footer","meta":{"footnotes":""},"class_list":["post-317","page","type-page","status-publish","has-post-thumbnail","hentry"],"yoast_head":"<!-- This site is optimized with the Yoast SEO plugin v26.0 - https:\/\/yoast.com\/wordpress\/plugins\/seo\/ -->\n<title>Class Schedule | Energie EnCorps Yoga Fitness and Holistic Health<\/title>\n<meta name=\"description\" content=\"Discover a variety of classes including Fitness, Yoga, Zumba, Pilates, Barre, Essentrics, and more. Find the perfect class to fit your schedule and transform your mind, body, and spirit.\" \/>\n<meta name=\"robots\" content=\"index, follow, max-snippet:-1, max-image-preview:large, max-video-preview:-1\" \/>\n<link rel=\"canonical\" href=\"https:\/\/energieencorps.com\/fr\/energieencor-classes-yoga\/class-schedule\/\" \/>\n<meta property=\"og:locale\" content=\"fr_CA\" \/>\n<meta property=\"og:type\" content=\"article\" \/>\n<meta property=\"og:title\" content=\"Energie EnCorps Class Schedule\" \/>\n<meta property=\"og:description\" content=\"Check out our class schedule. Join us in studio or virtual!\" \/>\n<meta property=\"og:url\" content=\"https:\/\/energieencorps.com\/fr\/energieencor-classes-yoga\/class-schedule\/\" \/>\n<meta property=\"og:site_name\" content=\"Energie EnCorps\" \/>\n<meta property=\"article:modified_time\" content=\"2026-03-14T13:07:37+00:00\" \/>\n<meta property=\"og:image\" content=\"https:\/\/energieencorps.com\/wp-content\/uploads\/2021\/11\/IMG_2298.jpg\" \/>\n\t<meta property=\"og:image:width\" content=\"2048\" \/>\n\t<meta property=\"og:image:height\" content=\"1536\" \/>\n\t<meta property=\"og:image:type\" content=\"image\/jpeg\" \/>\n<meta name=\"twitter:card\" content=\"summary_large_image\" \/>\n<meta name=\"twitter:title\" content=\"Energie EnCorps Class Schedule\" \/>\n<meta name=\"twitter:description\" content=\"Check out our class schedule. Join us in studio or virtual!\" \/>\n<meta name=\"twitter:image\" content=\"https:\/\/energieencorps.com\/wp-content\/uploads\/2021\/11\/IMG_2298.jpg\" \/>\n<meta name=\"twitter:label1\" content=\"Estimation du temps de lecture\" \/>\n\t<meta name=\"twitter:data1\" content=\"2 minutes\" \/>\n<script type=\"application\/ld+json\" class=\"yoast-schema-graph\">{\"@context\":\"https:\/\/schema.org\",\"@graph\":[{\"@type\":\"WebPage\",\"@id\":\"https:\/\/energieencorps.com\/energieencor-classes-yoga\/class-schedule\/\",\"url\":\"https:\/\/energieencorps.com\/energieencor-classes-yoga\/class-schedule\/\",\"name\":\"Class Schedule | Energie EnCorps Yoga Fitness and Holistic Health\",\"isPartOf\":{\"@id\":\"https:\/\/energieencorps.com\/#website\"},\"primaryImageOfPage\":{\"@id\":\"https:\/\/energieencorps.com\/energieencor-classes-yoga\/class-schedule\/#primaryimage\"},\"image\":{\"@id\":\"https:\/\/energieencorps.com\/energieencor-classes-yoga\/class-schedule\/#primaryimage\"},\"thumbnailUrl\":\"https:\/\/energieencorps.com\/wp-content\/uploads\/2024\/03\/IMG_6629-scaled.webp\",\"datePublished\":\"2021-02-03T20:28:57+00:00\",\"dateModified\":\"2026-03-14T13:07:37+00:00\",\"description\":\"Discover a variety of classes including Fitness, Yoga, Zumba, Pilates, Barre, Essentrics, and more. Find the perfect class to fit your schedule and transform your mind, body, and spirit.\",\"breadcrumb\":{\"@id\":\"https:\/\/energieencorps.com\/energieencor-classes-yoga\/class-schedule\/#breadcrumb\"},\"inLanguage\":\"fr-CA\",\"potentialAction\":[{\"@type\":\"ReadAction\",\"target\":[\"https:\/\/energieencorps.com\/energieencor-classes-yoga\/class-schedule\/\"]}]},{\"@type\":\"ImageObject\",\"inLanguage\":\"fr-CA\",\"@id\":\"https:\/\/energieencorps.com\/energieencor-classes-yoga\/class-schedule\/#primaryimage\",\"url\":\"https:\/\/energieencorps.com\/wp-content\/uploads\/2024\/03\/IMG_6629-scaled.webp\",\"contentUrl\":\"https:\/\/energieencorps.com\/wp-content\/uploads\/2024\/03\/IMG_6629-scaled.webp\",\"width\":1440,\"height\":1920,\"caption\":\"maria del carmen yoga instructor\"},{\"@type\":\"BreadcrumbList\",\"@id\":\"https:\/\/energieencorps.com\/energieencor-classes-yoga\/class-schedule\/#breadcrumb\",\"itemListElement\":[{\"@type\":\"ListItem\",\"position\":1,\"name\":\"Home\",\"item\":\"https:\/\/energieencorps.com\/\"},{\"@type\":\"ListItem\",\"position\":2,\"name\":\"Yoga classes\",\"item\":\"https:\/\/energieencorps.com\/energieencor-classes-yoga\/\"},{\"@type\":\"ListItem\",\"position\":3,\"name\":\"Schedule\"}]},{\"@type\":\"WebSite\",\"@id\":\"https:\/\/energieencorps.com\/#website\",\"url\":\"https:\/\/energieencorps.com\/\",\"name\":\"Energie EnCorps\",\"description\":\"Helping you shine\",\"publisher\":{\"@id\":\"https:\/\/energieencorps.com\/#organization\"},\"potentialAction\":[{\"@type\":\"SearchAction\",\"target\":{\"@type\":\"EntryPoint\",\"urlTemplate\":\"https:\/\/energieencorps.com\/?s={search_term_string}\"},\"query-input\":{\"@type\":\"PropertyValueSpecification\",\"valueRequired\":true,\"valueName\":\"search_term_string\"}}],\"inLanguage\":\"fr-CA\"},{\"@type\":\"Organization\",\"@id\":\"https:\/\/energieencorps.com\/#organization\",\"name\":\"Energie Encorps\",\"url\":\"https:\/\/energieencorps.com\/\",\"logo\":{\"@type\":\"ImageObject\",\"inLanguage\":\"fr-CA\",\"@id\":\"https:\/\/energieencorps.com\/#\/schema\/logo\/image\/\",\"url\":\"https:\/\/energieencorps.com\/wp-content\/uploads\/2021\/06\/Default-Image.png\",\"contentUrl\":\"https:\/\/energieencorps.com\/wp-content\/uploads\/2021\/06\/Default-Image.png\",\"width\":1200,\"height\":700,\"caption\":\"Energie Encorps\"},\"image\":{\"@id\":\"https:\/\/energieencorps.com\/#\/schema\/logo\/image\/\"}}]}<\/script>\n<!-- \/ Yoast SEO plugin. -->","yoast_head_json":{"title":"Class Schedule | Energie EnCorps Yoga Fitness and Holistic Health","description":"Discover a variety of classes including Fitness, Yoga, Zumba, Pilates, Barre, Essentrics, and more. Find the perfect class to fit your schedule and transform your mind, body, and spirit.","robots":{"index":"index","follow":"follow","max-snippet":"max-snippet:-1","max-image-preview":"max-image-preview:large","max-video-preview":"max-video-preview:-1"},"canonical":"https:\/\/energieencorps.com\/fr\/energieencor-classes-yoga\/class-schedule\/","og_locale":"fr_CA","og_type":"article","og_title":"Energie EnCorps Class Schedule","og_description":"Check out our class schedule. Join us in studio or virtual!","og_url":"https:\/\/energieencorps.com\/fr\/energieencor-classes-yoga\/class-schedule\/","og_site_name":"Energie EnCorps","article_modified_time":"2026-03-14T13:07:37+00:00","og_image":[{"width":2048,"height":1536,"url":"https:\/\/energieencorps.com\/wp-content\/uploads\/2021\/11\/IMG_2298.jpg","type":"image\/jpeg"}],"twitter_card":"summary_large_image","twitter_title":"Energie EnCorps Class Schedule","twitter_description":"Check out our class schedule. Join us in studio or virtual!","twitter_image":"https:\/\/energieencorps.com\/wp-content\/uploads\/2021\/11\/IMG_2298.jpg","twitter_misc":{"Estimation du temps de lecture":"2 minutes"},"schema":{"@context":"https:\/\/schema.org","@graph":[{"@type":"WebPage","@id":"https:\/\/energieencorps.com\/energieencor-classes-yoga\/class-schedule\/","url":"https:\/\/energieencorps.com\/energieencor-classes-yoga\/class-schedule\/","name":"Class Schedule | Energie EnCorps Yoga Fitness and Holistic Health","isPartOf":{"@id":"https:\/\/energieencorps.com\/#website"},"primaryImageOfPage":{"@id":"https:\/\/energieencorps.com\/energieencor-classes-yoga\/class-schedule\/#primaryimage"},"image":{"@id":"https:\/\/energieencorps.com\/energieencor-classes-yoga\/class-schedule\/#primaryimage"},"thumbnailUrl":"https:\/\/energieencorps.com\/wp-content\/uploads\/2024\/03\/IMG_6629-scaled.webp","datePublished":"2021-02-03T20:28:57+00:00","dateModified":"2026-03-14T13:07:37+00:00","description":"Discover a variety of classes including Fitness, Yoga, Zumba, Pilates, Barre, Essentrics, and more. Find the perfect class to fit your schedule and transform your mind, body, and spirit.","breadcrumb":{"@id":"https:\/\/energieencorps.com\/energieencor-classes-yoga\/class-schedule\/#breadcrumb"},"inLanguage":"fr-CA","potentialAction":[{"@type":"ReadAction","target":["https:\/\/energieencorps.com\/energieencor-classes-yoga\/class-schedule\/"]}]},{"@type":"ImageObject","inLanguage":"fr-CA","@id":"https:\/\/energieencorps.com\/energieencor-classes-yoga\/class-schedule\/#primaryimage","url":"https:\/\/energieencorps.com\/wp-content\/uploads\/2024\/03\/IMG_6629-scaled.webp","contentUrl":"https:\/\/energieencorps.com\/wp-content\/uploads\/2024\/03\/IMG_6629-scaled.webp","width":1440,"height":1920,"caption":"maria del carmen yoga instructor"},{"@type":"BreadcrumbList","@id":"https:\/\/energieencorps.com\/energieencor-classes-yoga\/class-schedule\/#breadcrumb","itemListElement":[{"@type":"ListItem","position":1,"name":"Home","item":"https:\/\/energieencorps.com\/"},{"@type":"ListItem","position":2,"name":"Yoga classes","item":"https:\/\/energieencorps.com\/energieencor-classes-yoga\/"},{"@type":"ListItem","position":3,"name":"Schedule"}]},{"@type":"WebSite","@id":"https:\/\/energieencorps.com\/#website","url":"https:\/\/energieencorps.com\/","name":"Energie EnCorps","description":"Helping you shine","publisher":{"@id":"https:\/\/energieencorps.com\/#organization"},"potentialAction":[{"@type":"SearchAction","target":{"@type":"EntryPoint","urlTemplate":"https:\/\/energieencorps.com\/?s={search_term_string}"},"query-input":{"@type":"PropertyValueSpecification","valueRequired":true,"valueName":"search_term_string"}}],"inLanguage":"fr-CA"},{"@type":"Organization","@id":"https:\/\/energieencorps.com\/#organization","name":"Energie Encorps","url":"https:\/\/energieencorps.com\/","logo":{"@type":"ImageObject","inLanguage":"fr-CA","@id":"https:\/\/energieencorps.com\/#\/schema\/logo\/image\/","url":"https:\/\/energieencorps.com\/wp-content\/uploads\/2021\/06\/Default-Image.png","contentUrl":"https:\/\/energieencorps.com\/wp-content\/uploads\/2021\/06\/Default-Image.png","width":1200,"height":700,"caption":"Energie Encorps"},"image":{"@id":"https:\/\/energieencorps.com\/#\/schema\/logo\/image\/"}}]}},"_links":{"self":[{"href":"https:\/\/energieencorps.com\/fr\/wp-json\/wp\/v2\/pages\/317","targetHints":{"allow":["GET"]}}],"collection":[{"href":"https:\/\/energieencorps.com\/fr\/wp-json\/wp\/v2\/pages"}],"about":[{"href":"https:\/\/energieencorps.com\/fr\/wp-json\/wp\/v2\/types\/page"}],"author":[{"embeddable":true,"href":"https:\/\/energieencorps.com\/fr\/wp-json\/wp\/v2\/users\/5"}],"replies":[{"embeddable":true,"href":"https:\/\/energieencorps.com\/fr\/wp-json\/wp\/v2\/comments?post=317"}],"version-history":[{"count":394,"href":"https:\/\/energieencorps.com\/fr\/wp-json\/wp\/v2\/pages\/317\/revisions"}],"predecessor-version":[{"id":19815,"href":"https:\/\/energieencorps.com\/fr\/wp-json\/wp\/v2\/pages\/317\/revisions\/19815"}],"up":[{"embeddable":true,"href":"https:\/\/energieencorps.com\/fr\/wp-json\/wp\/v2\/pages\/256"}],"wp:featuredmedia":[{"embeddable":true,"href":"https:\/\/energieencorps.com\/fr\/wp-json\/wp\/v2\/media\/13289"}],"wp:attachment":[{"href":"https:\/\/energieencorps.com\/fr\/wp-json\/wp\/v2\/media?parent=317"}],"curies":[{"name":"wp","href":"https:\/\/api.w.org\/{rel}","templated":true}]}}