{"id":1743,"date":"2021-06-07T21:38:03","date_gmt":"2021-06-07T21:38:03","guid":{"rendered":"https:\/\/energieencorps.ca\/?page_id=1743"},"modified":"2024-08-27T15:08:52","modified_gmt":"2024-08-27T19:08:52","slug":"zumba","status":"publish","type":"page","link":"https:\/\/energieencorps.com\/fr\/zumba\/","title":{"rendered":"Zumba"},"content":{"rendered":"<div data-elementor-type=\"wp-page\" data-elementor-id=\"1743\" class=\"elementor elementor-1743\" data-elementor-post-type=\"page\">\n\t\t\t\t\t\t<section class=\"elementor-section elementor-top-section elementor-element elementor-element-64c3d0d6 elementor-section-boxed elementor-section-height-default elementor-section-height-default\" data-id=\"64c3d0d6\" data-element_type=\"section\" data-settings=\"{&quot;background_background&quot;:&quot;classic&quot;}\">\n\t\t\t\t\t\t<div class=\"elementor-container elementor-column-gap-default\">\n\t\t\t\t\t<div class=\"elementor-column elementor-col-33 elementor-top-column elementor-element elementor-element-5f00e3e8\" data-id=\"5f00e3e8\" data-element_type=\"column\">\n\t\t\t<div class=\"elementor-widget-wrap\">\n\t\t\t\t\t\t\t<\/div>\n\t\t<\/div>\n\t\t\t\t<div class=\"elementor-column elementor-col-33 elementor-top-column elementor-element elementor-element-5d99c936\" data-id=\"5d99c936\" data-element_type=\"column\">\n\t\t\t<div class=\"elementor-widget-wrap elementor-element-populated\">\n\t\t\t\t\t\t<div class=\"elementor-element elementor-element-4566b801 elementor-widget elementor-widget-heading\" data-id=\"4566b801\" data-element_type=\"widget\" data-widget_type=\"heading.default\">\n\t\t\t\t<div class=\"elementor-widget-container\">\n\t\t\t\t\t<h1 class=\"elementor-heading-title elementor-size-default\">Zumba Fitness<\/h1>\t\t\t\t<\/div>\n\t\t\t\t<\/div>\n\t\t\t\t\t<\/div>\n\t\t<\/div>\n\t\t\t\t<div class=\"elementor-column elementor-col-33 elementor-top-column elementor-element elementor-element-71cf5922\" data-id=\"71cf5922\" data-element_type=\"column\">\n\t\t\t<div class=\"elementor-widget-wrap\">\n\t\t\t\t\t\t\t<\/div>\n\t\t<\/div>\n\t\t\t\t\t<\/div>\n\t\t<\/section>\n\t\t\t\t<section class=\"elementor-section elementor-top-section elementor-element elementor-element-ee35745 elementor-section-boxed elementor-section-height-default elementor-section-height-default\" data-id=\"ee35745\" data-element_type=\"section\">\n\t\t\t\t\t\t<div class=\"elementor-container elementor-column-gap-default\">\n\t\t\t\t\t<div class=\"elementor-column elementor-col-100 elementor-top-column elementor-element elementor-element-bf2ee41\" data-id=\"bf2ee41\" data-element_type=\"column\">\n\t\t\t<div class=\"elementor-widget-wrap elementor-element-populated\">\n\t\t\t\t\t\t<div class=\"elementor-element elementor-element-c378e92 elementor-cta--layout-image-left elementor-cta--valign-middle elementor-cta--mobile-layout-image-above elementor-cta--skin-classic elementor-animated-content elementor-bg-transform elementor-bg-transform-zoom-in elementor-widget elementor-widget-call-to-action\" data-id=\"c378e92\" data-element_type=\"widget\" data-widget_type=\"call-to-action.default\">\n\t\t\t\t<div class=\"elementor-widget-container\">\n\t\t\t\t\t\t\t<div class=\"elementor-cta\">\n\t\t\t\t\t<div class=\"elementor-cta__bg-wrapper\">\n\t\t\t\t<div class=\"elementor-cta__bg elementor-bg\" style=\"background-image: url(https:\/\/energieencorps.com\/wp-content\/uploads\/2024\/04\/classes-2-e1717724599207.webp);\" role=\"img\" aria-label=\"Zumba Yvette\"><\/div>\n\t\t\t\t<div class=\"elementor-cta__bg-overlay\"><\/div>\n\t\t\t<\/div>\n\t\t\t\t\t\t\t<div class=\"elementor-cta__content\">\n\t\t\t\t\n\t\t\t\t\t\t\t\t\t<h2 class=\"elementor-cta__title elementor-cta__content-item elementor-content-item\">\n\t\t\t\t\t\tZumba\t\t\t\t\t<\/h2>\n\t\t\t\t\n\t\t\t\t\t\t\t\t\t<div class=\"elementor-cta__description elementor-cta__content-item elementor-content-item\">\n\t\t\t\t\t\tLe programme Zumba\u00ae conjugue des rythmes latins hypnotiques et des mouvements faciles \u00e0 reproduire pour cr\u00e9er un programme de conditionnement physique unique qui vous \u00e9tonnera! Notre but est simple : nous voulons que vous vous entra\u00eeniez, que vous y preniez plaisir, que vous en deveniez accro. Oubliez le workout, venez faire la f\u00eate!<br><br>Niveau: Tous niveaux\t\t\t\t\t<\/div>\n\t\t\t\t\n\t\t\t\t\t\t\t\t\t<div class=\"elementor-cta__button-wrapper elementor-cta__content-item elementor-content-item\">\n\t\t\t\t\t<a class=\"elementor-cta__button elementor-button elementor-size-\" href=\"https:\/\/energieencorps.com\/fr\/energieencor-classes-yoga\/sign-up\/\" target=\"_blank\">\n\t\t\t\t\t\tS'inscrire\t\t\t\t\t<\/a>\n\t\t\t\t\t<\/div>\n\t\t\t\t\t\t\t<\/div>\n\t\t\t\t\t\t<\/div>\n\t\t\t\t\t\t<\/div>\n\t\t\t\t<\/div>\n\t\t\t\t<div class=\"elementor-element elementor-element-a853e32 elementor-cta--layout-image-left elementor-cta--mobile-layout-image-above elementor-cta--valign-middle elementor-cta--skin-classic elementor-animated-content elementor-bg-transform elementor-bg-transform-zoom-in elementor-widget elementor-widget-call-to-action\" data-id=\"a853e32\" data-element_type=\"widget\" data-widget_type=\"call-to-action.default\">\n\t\t\t\t<div class=\"elementor-widget-container\">\n\t\t\t\t\t\t\t<div class=\"elementor-cta\">\n\t\t\t\t\t<div class=\"elementor-cta__bg-wrapper\">\n\t\t\t\t<div class=\"elementor-cta__bg elementor-bg\" style=\"background-image: url(https:\/\/energieencorps.com\/wp-content\/uploads\/2024\/06\/Karine-1024x680.jpg);\" role=\"img\" aria-label=\"Zumba West Island\"><\/div>\n\t\t\t\t<div class=\"elementor-cta__bg-overlay\"><\/div>\n\t\t\t<\/div>\n\t\t\t\t\t\t\t<div class=\"elementor-cta__content\">\n\t\t\t\t\n\t\t\t\t\t\t\t\t\t<h2 class=\"elementor-cta__title elementor-cta__content-item elementor-content-item\">\n\t\t\t\t\t\tZumba Toning\t\t\t\t\t<\/h2>\n\t\t\t\t\n\t\t\t\t\t\t\t\t\t<div class=\"elementor-cta__description elementor-cta__content-item elementor-content-item\">\n\t\t\t\t\t\tLorsqu\u2019il s\u2019agit de sculpter le corps, Zumba Toning met la barre tr\u00e8s haute. Apprenez \u00e0 utiliser les poids l\u00e9gers afin d\u2019accompagner le rythme et de tonifier les zones cibl\u00e9es, notamment les bras, les abdominaux et les cuisses. Zumba Toning est le moyen id\u00e9al de sculpter votre corps d\u2019une fa\u00e7on naturelle tout en vous amusant.<br><br>Niveau: Tous niveaux\t\t\t\t\t<\/div>\n\t\t\t\t\n\t\t\t\t\t\t\t\t\t<div class=\"elementor-cta__button-wrapper elementor-cta__content-item elementor-content-item\">\n\t\t\t\t\t<a class=\"elementor-cta__button elementor-button elementor-size-\" href=\"https:\/\/energieencorps.com\/fr\/energieencor-classes-yoga\/sign-up\/\" target=\"_blank\">\n\t\t\t\t\t\tS'inscrire\t\t\t\t\t<\/a>\n\t\t\t\t\t<\/div>\n\t\t\t\t\t\t\t<\/div>\n\t\t\t\t\t\t<\/div>\n\t\t\t\t\t\t<\/div>\n\t\t\t\t<\/div>\n\t\t\t\t\t<\/div>\n\t\t<\/div>\n\t\t\t\t\t<\/div>\n\t\t<\/section>\n\t\t\t\t<section class=\"elementor-section elementor-top-section elementor-element elementor-element-bd75704 elementor-section-content-middle elementor-section-boxed elementor-section-height-default elementor-section-height-default\" data-id=\"bd75704\" data-element_type=\"section\" data-settings=\"{&quot;background_background&quot;:&quot;classic&quot;}\">\n\t\t\t\t\t\t<div class=\"elementor-container elementor-column-gap-default\">\n\t\t\t\t\t<div class=\"elementor-column elementor-col-100 elementor-top-column elementor-element elementor-element-713ce4e1\" data-id=\"713ce4e1\" data-element_type=\"column\">\n\t\t\t<div class=\"elementor-widget-wrap elementor-element-populated\">\n\t\t\t\t\t\t<div class=\"elementor-element elementor-element-7de89204 elementor-widget elementor-widget-heading\" data-id=\"7de89204\" data-element_type=\"widget\" data-widget_type=\"heading.default\">\n\t\t\t\t<div class=\"elementor-widget-container\">\n\t\t\t\t\t<h2 class=\"elementor-heading-title elementor-size-default\">Un aper\u00e7u de nos cours de Zumba !<\/h2>\t\t\t\t<\/div>\n\t\t\t\t<\/div>\n\t\t\t\t<div class=\"elementor-element elementor-element-3e6ec75e elementor-widget elementor-widget-text-editor\" data-id=\"3e6ec75e\" data-element_type=\"widget\" data-widget_type=\"text-editor.default\">\n\t\t\t\t<div class=\"elementor-widget-container\">\n\t\t\t\t\t\t\t\t\t<p>Chez Energie EnCorps, nos cours de Zumba sont pour tout le monde ! Si vous aimez danser, c'est pour vous ! La Zumba est pour tous les \u00e2ges et tous les niveaux ! Essayez-la !<\/p>\t\t\t\t\t\t\t\t<\/div>\n\t\t\t\t<\/div>\n\t\t\t\t\t<\/div>\n\t\t<\/div>\n\t\t\t\t\t<\/div>\n\t\t<\/section>\n\t\t\t\t<section class=\"elementor-section elementor-top-section elementor-element elementor-element-3801417 elementor-section-boxed elementor-section-height-default elementor-section-height-default\" data-id=\"3801417\" data-element_type=\"section\">\n\t\t\t\t\t\t<div class=\"elementor-container elementor-column-gap-default\">\n\t\t\t\t\t<div class=\"elementor-column elementor-col-100 elementor-top-column elementor-element elementor-element-f5ab35f\" data-id=\"f5ab35f\" data-element_type=\"column\">\n\t\t\t<div class=\"elementor-widget-wrap elementor-element-populated\">\n\t\t\t\t\t\t<div class=\"elementor-element elementor-element-0d288a1 elementor-widget__width-initial elementor-widget elementor-widget-video\" data-id=\"0d288a1\" data-element_type=\"widget\" data-settings=\"{&quot;youtube_url&quot;:&quot;https:\\\/\\\/youtu.be\\\/J3GIdpPks3E?si=qfZcRiC04oAC0si7&quot;,&quot;video_type&quot;:&quot;youtube&quot;,&quot;controls&quot;:&quot;yes&quot;}\" data-widget_type=\"video.default\">\n\t\t\t\t<div class=\"elementor-widget-container\">\n\t\t\t\t\t\t\t<div class=\"elementor-wrapper elementor-open-inline\">\n\t\t\t<div class=\"elementor-video\"><\/div>\t\t<\/div>\n\t\t\t\t\t\t<\/div>\n\t\t\t\t<\/div>\n\t\t\t\t\t<\/div>\n\t\t<\/div>\n\t\t\t\t\t<\/div>\n\t\t<\/section>\n\t\t\t\t<\/div>","protected":false},"excerpt":{"rendered":"<p>Zumba Fitness Zumba The Zumba\u00ae program fuses hypnotic Latin rhythms and easy-to-follow moves to create a one-of-a-kind dance, fitness program that will blow you away. Our goal is simple: We want you to want to work out, to love working out, and to get hooked. Level: All levels Sign up Zumba Toning When it comes [&hellip;]<\/p>","protected":false},"author":5,"featured_media":13764,"parent":0,"menu_order":0,"comment_status":"closed","ping_status":"closed","template":"","meta":{"footnotes":""},"class_list":["post-1743","page","type-page","status-publish","has-post-thumbnail","hentry"],"yoast_head":"<!-- This site is optimized with the Yoast SEO plugin v26.0 - https:\/\/yoast.com\/wordpress\/plugins\/seo\/ -->\n<title>Zumba West Island | Energie EnCorps<\/title>\n<meta name=\"description\" content=\"Learn more about our Zumba classes in the West Island. Experienced and professional teachers, open 7 days per week.\" \/>\n<meta name=\"robots\" content=\"index, follow, max-snippet:-1, max-image-preview:large, max-video-preview:-1\" \/>\n<link rel=\"canonical\" href=\"https:\/\/energieencorps.com\/fr\/zumba\/\" \/>\n<meta property=\"og:locale\" content=\"fr_CA\" \/>\n<meta property=\"og:type\" content=\"article\" \/>\n<meta property=\"og:title\" content=\"Zumba West Island | Energie EnCorps\" \/>\n<meta property=\"og:description\" content=\"Learn more about our Zumba classes in the West Island. Experienced and professional teachers, open 7 days per week.\" \/>\n<meta property=\"og:url\" content=\"https:\/\/energieencorps.com\/fr\/zumba\/\" \/>\n<meta property=\"og:site_name\" content=\"Energie EnCorps\" \/>\n<meta property=\"article:modified_time\" content=\"2024-08-27T19:08:52+00:00\" \/>\n<meta property=\"og:image\" content=\"https:\/\/energieencorps.com\/wp-content\/uploads\/2024\/06\/Karine-scaled.jpg\" \/>\n\t<meta property=\"og:image:width\" content=\"2560\" \/>\n\t<meta property=\"og:image:height\" content=\"1700\" \/>\n\t<meta property=\"og:image:type\" content=\"image\/jpeg\" \/>\n<meta name=\"twitter:card\" content=\"summary_large_image\" \/>\n<meta name=\"twitter:label1\" content=\"Estimation du temps de lecture\" \/>\n\t<meta name=\"twitter:data1\" content=\"1 minute\" \/>\n<script type=\"application\/ld+json\" class=\"yoast-schema-graph\">{\"@context\":\"https:\/\/schema.org\",\"@graph\":[{\"@type\":\"WebPage\",\"@id\":\"https:\/\/energieencorps.com\/zumba\/\",\"url\":\"https:\/\/energieencorps.com\/zumba\/\",\"name\":\"Zumba West Island | Energie EnCorps\",\"isPartOf\":{\"@id\":\"https:\/\/energieencorps.com\/#website\"},\"primaryImageOfPage\":{\"@id\":\"https:\/\/energieencorps.com\/zumba\/#primaryimage\"},\"image\":{\"@id\":\"https:\/\/energieencorps.com\/zumba\/#primaryimage\"},\"thumbnailUrl\":\"https:\/\/energieencorps.com\/wp-content\/uploads\/2024\/06\/Karine-scaled.jpg\",\"datePublished\":\"2021-06-07T21:38:03+00:00\",\"dateModified\":\"2024-08-27T19:08:52+00:00\",\"description\":\"Learn more about our Zumba classes in the West Island. Experienced and professional teachers, open 7 days per week.\",\"breadcrumb\":{\"@id\":\"https:\/\/energieencorps.com\/zumba\/#breadcrumb\"},\"inLanguage\":\"fr-CA\",\"potentialAction\":[{\"@type\":\"ReadAction\",\"target\":[\"https:\/\/energieencorps.com\/zumba\/\"]}]},{\"@type\":\"ImageObject\",\"inLanguage\":\"fr-CA\",\"@id\":\"https:\/\/energieencorps.com\/zumba\/#primaryimage\",\"url\":\"https:\/\/energieencorps.com\/wp-content\/uploads\/2024\/06\/Karine-scaled.jpg\",\"contentUrl\":\"https:\/\/energieencorps.com\/wp-content\/uploads\/2024\/06\/Karine-scaled.jpg\",\"width\":2560,\"height\":1700,\"caption\":\"Zumba West Island\"},{\"@type\":\"BreadcrumbList\",\"@id\":\"https:\/\/energieencorps.com\/zumba\/#breadcrumb\",\"itemListElement\":[{\"@type\":\"ListItem\",\"position\":1,\"name\":\"Home\",\"item\":\"https:\/\/energieencorps.com\/\"},{\"@type\":\"ListItem\",\"position\":2,\"name\":\"Zumba\"}]},{\"@type\":\"WebSite\",\"@id\":\"https:\/\/energieencorps.com\/#website\",\"url\":\"https:\/\/energieencorps.com\/\",\"name\":\"Energie EnCorps\",\"description\":\"Helping you shine\",\"publisher\":{\"@id\":\"https:\/\/energieencorps.com\/#organization\"},\"potentialAction\":[{\"@type\":\"SearchAction\",\"target\":{\"@type\":\"EntryPoint\",\"urlTemplate\":\"https:\/\/energieencorps.com\/?s={search_term_string}\"},\"query-input\":{\"@type\":\"PropertyValueSpecification\",\"valueRequired\":true,\"valueName\":\"search_term_string\"}}],\"inLanguage\":\"fr-CA\"},{\"@type\":\"Organization\",\"@id\":\"https:\/\/energieencorps.com\/#organization\",\"name\":\"Energie Encorps\",\"url\":\"https:\/\/energieencorps.com\/\",\"logo\":{\"@type\":\"ImageObject\",\"inLanguage\":\"fr-CA\",\"@id\":\"https:\/\/energieencorps.com\/#\/schema\/logo\/image\/\",\"url\":\"https:\/\/energieencorps.com\/wp-content\/uploads\/2021\/06\/Default-Image.png\",\"contentUrl\":\"https:\/\/energieencorps.com\/wp-content\/uploads\/2021\/06\/Default-Image.png\",\"width\":1200,\"height\":700,\"caption\":\"Energie Encorps\"},\"image\":{\"@id\":\"https:\/\/energieencorps.com\/#\/schema\/logo\/image\/\"}}]}<\/script>\n<!-- \/ Yoast SEO plugin. -->","yoast_head_json":{"title":"Zumba West Island | Energie EnCorps","description":"Learn more about our Zumba classes in the West Island. Experienced and professional teachers, open 7 days per week.","robots":{"index":"index","follow":"follow","max-snippet":"max-snippet:-1","max-image-preview":"max-image-preview:large","max-video-preview":"max-video-preview:-1"},"canonical":"https:\/\/energieencorps.com\/fr\/zumba\/","og_locale":"fr_CA","og_type":"article","og_title":"Zumba West Island | Energie EnCorps","og_description":"Learn more about our Zumba classes in the West Island. Experienced and professional teachers, open 7 days per week.","og_url":"https:\/\/energieencorps.com\/fr\/zumba\/","og_site_name":"Energie EnCorps","article_modified_time":"2024-08-27T19:08:52+00:00","og_image":[{"width":2560,"height":1700,"url":"https:\/\/energieencorps.com\/wp-content\/uploads\/2024\/06\/Karine-scaled.jpg","type":"image\/jpeg"}],"twitter_card":"summary_large_image","twitter_misc":{"Estimation du temps de lecture":"1 minute"},"schema":{"@context":"https:\/\/schema.org","@graph":[{"@type":"WebPage","@id":"https:\/\/energieencorps.com\/zumba\/","url":"https:\/\/energieencorps.com\/zumba\/","name":"Zumba West Island | Energie EnCorps","isPartOf":{"@id":"https:\/\/energieencorps.com\/#website"},"primaryImageOfPage":{"@id":"https:\/\/energieencorps.com\/zumba\/#primaryimage"},"image":{"@id":"https:\/\/energieencorps.com\/zumba\/#primaryimage"},"thumbnailUrl":"https:\/\/energieencorps.com\/wp-content\/uploads\/2024\/06\/Karine-scaled.jpg","datePublished":"2021-06-07T21:38:03+00:00","dateModified":"2024-08-27T19:08:52+00:00","description":"Learn more about our Zumba classes in the West Island. Experienced and professional teachers, open 7 days per week.","breadcrumb":{"@id":"https:\/\/energieencorps.com\/zumba\/#breadcrumb"},"inLanguage":"fr-CA","potentialAction":[{"@type":"ReadAction","target":["https:\/\/energieencorps.com\/zumba\/"]}]},{"@type":"ImageObject","inLanguage":"fr-CA","@id":"https:\/\/energieencorps.com\/zumba\/#primaryimage","url":"https:\/\/energieencorps.com\/wp-content\/uploads\/2024\/06\/Karine-scaled.jpg","contentUrl":"https:\/\/energieencorps.com\/wp-content\/uploads\/2024\/06\/Karine-scaled.jpg","width":2560,"height":1700,"caption":"Zumba West Island"},{"@type":"BreadcrumbList","@id":"https:\/\/energieencorps.com\/zumba\/#breadcrumb","itemListElement":[{"@type":"ListItem","position":1,"name":"Home","item":"https:\/\/energieencorps.com\/"},{"@type":"ListItem","position":2,"name":"Zumba"}]},{"@type":"WebSite","@id":"https:\/\/energieencorps.com\/#website","url":"https:\/\/energieencorps.com\/","name":"Energie EnCorps","description":"Helping you shine","publisher":{"@id":"https:\/\/energieencorps.com\/#organization"},"potentialAction":[{"@type":"SearchAction","target":{"@type":"EntryPoint","urlTemplate":"https:\/\/energieencorps.com\/?s={search_term_string}"},"query-input":{"@type":"PropertyValueSpecification","valueRequired":true,"valueName":"search_term_string"}}],"inLanguage":"fr-CA"},{"@type":"Organization","@id":"https:\/\/energieencorps.com\/#organization","name":"Energie Encorps","url":"https:\/\/energieencorps.com\/","logo":{"@type":"ImageObject","inLanguage":"fr-CA","@id":"https:\/\/energieencorps.com\/#\/schema\/logo\/image\/","url":"https:\/\/energieencorps.com\/wp-content\/uploads\/2021\/06\/Default-Image.png","contentUrl":"https:\/\/energieencorps.com\/wp-content\/uploads\/2021\/06\/Default-Image.png","width":1200,"height":700,"caption":"Energie Encorps"},"image":{"@id":"https:\/\/energieencorps.com\/#\/schema\/logo\/image\/"}}]}},"_links":{"self":[{"href":"https:\/\/energieencorps.com\/fr\/wp-json\/wp\/v2\/pages\/1743","targetHints":{"allow":["GET"]}}],"collection":[{"href":"https:\/\/energieencorps.com\/fr\/wp-json\/wp\/v2\/pages"}],"about":[{"href":"https:\/\/energieencorps.com\/fr\/wp-json\/wp\/v2\/types\/page"}],"author":[{"embeddable":true,"href":"https:\/\/energieencorps.com\/fr\/wp-json\/wp\/v2\/users\/5"}],"replies":[{"embeddable":true,"href":"https:\/\/energieencorps.com\/fr\/wp-json\/wp\/v2\/comments?post=1743"}],"version-history":[{"count":49,"href":"https:\/\/energieencorps.com\/fr\/wp-json\/wp\/v2\/pages\/1743\/revisions"}],"predecessor-version":[{"id":13791,"href":"https:\/\/energieencorps.com\/fr\/wp-json\/wp\/v2\/pages\/1743\/revisions\/13791"}],"wp:featuredmedia":[{"embeddable":true,"href":"https:\/\/energieencorps.com\/fr\/wp-json\/wp\/v2\/media\/13764"}],"wp:attachment":[{"href":"https:\/\/energieencorps.com\/fr\/wp-json\/wp\/v2\/media?parent=1743"}],"curies":[{"name":"wp","href":"https:\/\/api.w.org\/{rel}","templated":true}]}}